{"id":640,"date":"2012-04-08T18:10:42","date_gmt":"2012-04-08T16:10:42","guid":{"rendered":"http:\/\/meridianclub.eu\/hu\/?page_id=640"},"modified":"2020-11-02T16:37:14","modified_gmt":"2020-11-02T15:37:14","slug":"kapcsolat-zala","status":"publish","type":"page","link":"https:\/\/meridianclub.eu\/hu\/kepviselok\/kapcsolat-zala\/","title":{"rendered":"Zala"},"content":{"rendered":"<p>\u00d6nh\u00f6z legk\u00f6zelebbi ter\u00fcleti k\u00e9pvisel\u0151ink:<\/p>\n<p><strong>Preiner Erzs\u00e9bet\u00a0&#8211; Nagykanizsa<br \/>\n<\/strong>Mail:\u00a0erzsebet.preiner (kukac) meridianclub.eu<br \/>\nMobil: 0036\u00a030 957 0443<\/p>\n<p><strong>Zhang Edit<br \/>\n<\/strong>Mail: edit.zhang (kukac) meridianclub.eu<br \/>\nMobil: 0036 30 9908 508<\/p>\n<p><strong>Kocsis Tam\u00e1s<br \/>\n<\/strong>Mail: tamas.kocsis (kukac) meridianclub.eu<br \/>\nMobil: 0036 30 469 3093<\/p>\n","protected":false},"excerpt":{"rendered":"<p>\u00d6nh\u00f6z legk\u00f6zelebbi ter\u00fcleti k\u00e9pvisel\u0151ink: Preiner Erzs\u00e9bet\u00a0&#8211; Nagykanizsa Mail:\u00a0erzsebet.preiner (kukac) meridianclub.eu Mobil: 0036\u00a030 957 0443 Zhang Edit Mail: edit.zhang (kukac) meridianclub.eu Mobil: 0036 30 9908 508 Kocsis Tam\u00e1s Mail: tamas.kocsis (kukac) meridianclub.eu Mobil: 0036 30 469 3093<\/p>\n","protected":false},"author":1,"featured_media":0,"parent":502,"menu_order":0,"comment_status":"closed","ping_status":"open","template":"onecolumn-page.php","meta":{"footnotes":""},"class_list":["post-640","page","type-page","status-publish","hentry"],"_links":{"self":[{"href":"https:\/\/meridianclub.eu\/hu\/wp-json\/wp\/v2\/pages\/640","targetHints":{"allow":["GET"]}}],"collection":[{"href":"https:\/\/meridianclub.eu\/hu\/wp-json\/wp\/v2\/pages"}],"about":[{"href":"https:\/\/meridianclub.eu\/hu\/wp-json\/wp\/v2\/types\/page"}],"author":[{"embeddable":true,"href":"https:\/\/meridianclub.eu\/hu\/wp-json\/wp\/v2\/users\/1"}],"replies":[{"embeddable":true,"href":"https:\/\/meridianclub.eu\/hu\/wp-json\/wp\/v2\/comments?post=640"}],"version-history":[{"count":13,"href":"https:\/\/meridianclub.eu\/hu\/wp-json\/wp\/v2\/pages\/640\/revisions"}],"predecessor-version":[{"id":2831,"href":"https:\/\/meridianclub.eu\/hu\/wp-json\/wp\/v2\/pages\/640\/revisions\/2831"}],"up":[{"embeddable":true,"href":"https:\/\/meridianclub.eu\/hu\/wp-json\/wp\/v2\/pages\/502"}],"wp:attachment":[{"href":"https:\/\/meridianclub.eu\/hu\/wp-json\/wp\/v2\/media?parent=640"}],"curies":[{"name":"wp","href":"https:\/\/api.w.org\/{rel}","templated":true}]}}