{"id":634,"date":"2012-04-08T18:09:20","date_gmt":"2012-04-08T16:09:20","guid":{"rendered":"http:\/\/meridianclub.eu\/hu\/?page_id=634"},"modified":"2025-12-01T20:25:54","modified_gmt":"2025-12-01T19:25:54","slug":"kapcsolat-komarom-esztergom","status":"publish","type":"page","link":"https:\/\/meridianclub.eu\/hu\/kepviselok\/kapcsolat-komarom-esztergom\/","title":{"rendered":"Kom\u00e1rom-Esztergom"},"content":{"rendered":"<p>Ha szeretne k\u00e9pvisel\u0151 lenni k\u00e9rj\u00fck vegye fel vel\u00fcnk a kapcsolatot ezen az <a href=\"mailto:info@meridianclub.eu\">e-mail<\/a> c\u00edmen.<\/p>\n<p>\u00d6nh\u00f6z legk\u00f6zelebbi k\u00e9pvisel\u0151ink:<\/p>\n<p><strong>Zhang Edit &#8211; Budapest<br \/><\/strong>Mail: edit.zhang (kukac) meridianclub.eu<br \/>Mobil: 0036 30 9908 508<\/p>\n<p><strong>dr. Tak\u00e1csn\u00e9 Bank M\u00e1ria &#8211; Gy\u0151r<br \/><\/strong>Mail:\u00a0maria.bank (kukac) meridianclub.eu<br \/>Mobil:\u00a00036 20 6674708<\/p>\n<p><strong>Ko\u00f3s L\u00e1szl\u00f3 &#8211; Gy\u0151r, P\u00e1pa<br \/><\/strong>Mail:\u00a0laszlo.koos (kukac) meridianclub.eu<br \/>Mobil: 0036 70 540 9016<\/p>\n\n\n<p><strong>Varga Judit &#8211; Kisb\u00e9r, Nagyigm\u00e1nd, Kom\u00e1rom, B\u00e1bolna<br><\/strong>Mail:&nbsp;judit.varga (kukac) meridianclub.eu<br>Mobil: 0036 30 563 2107<\/p>\n\n\n\n<p><strong>Kert\u00e9szn\u00e9 Lakics Gitti &#8211; Oroszl\u00e1ny, Tata, Tatab\u00e1nya, B\u00e1bolna, Gy\u0151r<br><\/strong>Mail:&nbsp;gitti.lakics (kukac) meridianclub.eu<br>Mobil: 0036 30 331 7433<\/p>\n","protected":false},"excerpt":{"rendered":"<p>Ha szeretne k\u00e9pvisel\u0151 lenni k\u00e9rj\u00fck vegye fel vel\u00fcnk a kapcsolatot ezen az e-mail c\u00edmen. \u00d6nh\u00f6z legk\u00f6zelebbi k\u00e9pvisel\u0151ink: Zhang Edit &#8211; BudapestMail: edit.zhang (kukac) meridianclub.euMobil: 0036 30 9908 508 dr. Tak\u00e1csn\u00e9 Bank M\u00e1ria &#8211; Gy\u0151rMail:\u00a0maria.bank (kukac) meridianclub.euMobil:\u00a00036 20 6674708 Ko\u00f3s L\u00e1szl\u00f3 &hellip; <a href=\"https:\/\/meridianclub.eu\/hu\/kepviselok\/kapcsolat-komarom-esztergom\/\">Egy kattint\u00e1s ide a folytat\u00e1shoz&#8230;. <span class=\"meta-nav\">&rarr;<\/span><\/a><\/p>\n","protected":false},"author":1,"featured_media":0,"parent":502,"menu_order":0,"comment_status":"closed","ping_status":"open","template":"onecolumn-page.php","meta":{"footnotes":""},"class_list":["post-634","page","type-page","status-publish","hentry"],"_links":{"self":[{"href":"https:\/\/meridianclub.eu\/hu\/wp-json\/wp\/v2\/pages\/634","targetHints":{"allow":["GET"]}}],"collection":[{"href":"https:\/\/meridianclub.eu\/hu\/wp-json\/wp\/v2\/pages"}],"about":[{"href":"https:\/\/meridianclub.eu\/hu\/wp-json\/wp\/v2\/types\/page"}],"author":[{"embeddable":true,"href":"https:\/\/meridianclub.eu\/hu\/wp-json\/wp\/v2\/users\/1"}],"replies":[{"embeddable":true,"href":"https:\/\/meridianclub.eu\/hu\/wp-json\/wp\/v2\/comments?post=634"}],"version-history":[{"count":17,"href":"https:\/\/meridianclub.eu\/hu\/wp-json\/wp\/v2\/pages\/634\/revisions"}],"predecessor-version":[{"id":3164,"href":"https:\/\/meridianclub.eu\/hu\/wp-json\/wp\/v2\/pages\/634\/revisions\/3164"}],"up":[{"embeddable":true,"href":"https:\/\/meridianclub.eu\/hu\/wp-json\/wp\/v2\/pages\/502"}],"wp:attachment":[{"href":"https:\/\/meridianclub.eu\/hu\/wp-json\/wp\/v2\/media?parent=634"}],"curies":[{"name":"wp","href":"https:\/\/api.w.org\/{rel}","templated":true}]}}