{"id":632,"date":"2012-04-08T18:08:53","date_gmt":"2012-04-08T16:08:53","guid":{"rendered":"http:\/\/meridianclub.eu\/hu\/?page_id=632"},"modified":"2025-12-01T20:23:44","modified_gmt":"2025-12-01T19:23:44","slug":"kapcsolat-fejer","status":"publish","type":"page","link":"https:\/\/meridianclub.eu\/hu\/kepviselok\/kapcsolat-fejer\/","title":{"rendered":"Fej\u00e9r"},"content":{"rendered":"<p><strong>Marosv\u00e1rin\u00e9 T\u00f6r\u00f6k No\u00e9mi&nbsp;&#8211;&nbsp;Sz\u00e9kesfeh\u00e9rv\u00e1r, Cs\u00e1kv\u00e1ra, G\u00e1rdony<br \/>\n<\/strong>Mail:&nbsp;noemi.marosvarine.torok (kukac) meridianclub.eu<br \/>\nMobil: +36&nbsp;20 37 53 958<\/p>\n\n\n<p><\/p>\n","protected":false},"excerpt":{"rendered":"<p>Marosv\u00e1rin\u00e9 T\u00f6r\u00f6k No\u00e9mi&nbsp;&#8211;&nbsp;Sz\u00e9kesfeh\u00e9rv\u00e1r, Cs\u00e1kv\u00e1ra, G\u00e1rdony Mail:&nbsp;noemi.marosvarine.torok (kukac) meridianclub.eu Mobil: +36&nbsp;20 37 53 958<\/p>\n","protected":false},"author":1,"featured_media":0,"parent":502,"menu_order":0,"comment_status":"closed","ping_status":"open","template":"onecolumn-page.php","meta":{"footnotes":""},"class_list":["post-632","page","type-page","status-publish","hentry"],"_links":{"self":[{"href":"https:\/\/meridianclub.eu\/hu\/wp-json\/wp\/v2\/pages\/632","targetHints":{"allow":["GET"]}}],"collection":[{"href":"https:\/\/meridianclub.eu\/hu\/wp-json\/wp\/v2\/pages"}],"about":[{"href":"https:\/\/meridianclub.eu\/hu\/wp-json\/wp\/v2\/types\/page"}],"author":[{"embeddable":true,"href":"https:\/\/meridianclub.eu\/hu\/wp-json\/wp\/v2\/users\/1"}],"replies":[{"embeddable":true,"href":"https:\/\/meridianclub.eu\/hu\/wp-json\/wp\/v2\/comments?post=632"}],"version-history":[{"count":18,"href":"https:\/\/meridianclub.eu\/hu\/wp-json\/wp\/v2\/pages\/632\/revisions"}],"predecessor-version":[{"id":3162,"href":"https:\/\/meridianclub.eu\/hu\/wp-json\/wp\/v2\/pages\/632\/revisions\/3162"}],"up":[{"embeddable":true,"href":"https:\/\/meridianclub.eu\/hu\/wp-json\/wp\/v2\/pages\/502"}],"wp:attachment":[{"href":"https:\/\/meridianclub.eu\/hu\/wp-json\/wp\/v2\/media?parent=632"}],"curies":[{"name":"wp","href":"https:\/\/api.w.org\/{rel}","templated":true}]}}