{"id":630,"date":"2012-04-08T18:08:16","date_gmt":"2012-04-08T16:08:16","guid":{"rendered":"http:\/\/meridianclub.eu\/hu\/?page_id=630"},"modified":"2025-12-01T20:20:12","modified_gmt":"2025-12-01T19:20:12","slug":"kapcsolat-pest","status":"publish","type":"page","link":"https:\/\/meridianclub.eu\/hu\/kepviselok\/kapcsolat-pest\/","title":{"rendered":"Pest"},"content":{"rendered":"<p>\u00d6nh\u00f6z legk\u00f6zelebbi k\u00e9pvisel\u0151ink:<\/p>\n<p><strong>Blask\u00f3-Zsebeh\u00e1zi M\u00f3nika &#8211; Pilisv\u00f6r\u00f6sv\u00e1r, Solym\u00e1r, Pilisszentiv\u00e1n<br \/>\n<\/strong>Mail:\u00a0monika.blaskozsebehazi@meridianclub.eu<br \/>\nMobil: 0036\u00a070 904 0880<\/p>\n<p><strong>Zhang Edit &#8211; Budapest<br \/>\n<\/strong>Mail: edit.zhang (kukac) meridianclub.eu<br \/>\nMobil: 0036 30 9908 508<\/p>\n<p><strong>Kocsis Tam\u00e1s<br \/>\n<\/strong>Mail: tamas.kocsis (kukac) meridianclub.eu<br \/>\nMobil: 0036 30 469 3093<\/p>\n","protected":false},"excerpt":{"rendered":"<p>\u00d6nh\u00f6z legk\u00f6zelebbi k\u00e9pvisel\u0151ink: Blask\u00f3-Zsebeh\u00e1zi M\u00f3nika &#8211; Pilisv\u00f6r\u00f6sv\u00e1r, Solym\u00e1r, Pilisszentiv\u00e1n Mail:\u00a0monika.blaskozsebehazi@meridianclub.eu Mobil: 0036\u00a070 904 0880 Zhang Edit &#8211; Budapest Mail: edit.zhang (kukac) meridianclub.eu Mobil: 0036 30 9908 508 Kocsis Tam\u00e1s Mail: tamas.kocsis (kukac) meridianclub.eu Mobil: 0036 30 469 3093<\/p>\n","protected":false},"author":1,"featured_media":0,"parent":502,"menu_order":0,"comment_status":"closed","ping_status":"open","template":"onecolumn-page.php","meta":{"footnotes":""},"class_list":["post-630","page","type-page","status-publish","hentry"],"_links":{"self":[{"href":"https:\/\/meridianclub.eu\/hu\/wp-json\/wp\/v2\/pages\/630","targetHints":{"allow":["GET"]}}],"collection":[{"href":"https:\/\/meridianclub.eu\/hu\/wp-json\/wp\/v2\/pages"}],"about":[{"href":"https:\/\/meridianclub.eu\/hu\/wp-json\/wp\/v2\/types\/page"}],"author":[{"embeddable":true,"href":"https:\/\/meridianclub.eu\/hu\/wp-json\/wp\/v2\/users\/1"}],"replies":[{"embeddable":true,"href":"https:\/\/meridianclub.eu\/hu\/wp-json\/wp\/v2\/comments?post=630"}],"version-history":[{"count":22,"href":"https:\/\/meridianclub.eu\/hu\/wp-json\/wp\/v2\/pages\/630\/revisions"}],"predecessor-version":[{"id":3158,"href":"https:\/\/meridianclub.eu\/hu\/wp-json\/wp\/v2\/pages\/630\/revisions\/3158"}],"up":[{"embeddable":true,"href":"https:\/\/meridianclub.eu\/hu\/wp-json\/wp\/v2\/pages\/502"}],"wp:attachment":[{"href":"https:\/\/meridianclub.eu\/hu\/wp-json\/wp\/v2\/media?parent=630"}],"curies":[{"name":"wp","href":"https:\/\/api.w.org\/{rel}","templated":true}]}}