{"id":628,"date":"2012-04-08T18:07:54","date_gmt":"2012-04-08T16:07:54","guid":{"rendered":"http:\/\/meridianclub.eu\/hu\/?page_id=628"},"modified":"2018-09-24T21:06:57","modified_gmt":"2018-09-24T19:06:57","slug":"kapcsolat-csongrad","status":"publish","type":"page","link":"https:\/\/meridianclub.eu\/hu\/kepviselok\/kapcsolat-csongrad\/","title":{"rendered":"Csongr\u00e1d"},"content":{"rendered":"<p>Ha szeretne k\u00e9pvisel\u0151 lenni k\u00e9rj\u00fck vegye fel vel\u00fcnk a kapcsolatot ezen az <a href=\"mailto:info@meridianclub.eu\">e-mail<\/a> c\u00edmen.<\/p>\n<p>\u00d6nh\u00f6z legk\u00f6zelebbi ter\u00fcleti k\u00e9pvisel\u0151nk:<\/p>\n<p><strong>Zhang Edit<br \/>\n<\/strong>Mail: edit.zhang (kukac) meridianclub.eu<br \/>\nMobil: 0036 30 9908 508<\/p>\n<p><strong>Kozma Zolt\u00e1nn\u00e9 &#8211; Baja<br \/>\n<\/strong>Mail: erzsebet.kozma (kukac) meridianclub.eu<br \/>\nMobil: 0036 30 912 3206<\/p>\n<p><strong>Tak\u00e1cs M\u00e1ria &#8211; Baja<br \/>\n<\/strong>Mail: maria.takacs (kukac) meridianclub.eu<br \/>\nMobil: 0036 30 459 418<\/p>\n","protected":false},"excerpt":{"rendered":"<p>Ha szeretne k\u00e9pvisel\u0151 lenni k\u00e9rj\u00fck vegye fel vel\u00fcnk a kapcsolatot ezen az e-mail c\u00edmen. \u00d6nh\u00f6z legk\u00f6zelebbi ter\u00fcleti k\u00e9pvisel\u0151nk: Zhang Edit Mail: edit.zhang (kukac) meridianclub.eu Mobil: 0036 30 9908 508 Kozma Zolt\u00e1nn\u00e9 &#8211; Baja Mail: erzsebet.kozma (kukac) meridianclub.eu Mobil: 0036 30 &hellip; <a href=\"https:\/\/meridianclub.eu\/hu\/kepviselok\/kapcsolat-csongrad\/\">Egy kattint\u00e1s ide a folytat\u00e1shoz&#8230;. <span class=\"meta-nav\">&rarr;<\/span><\/a><\/p>\n","protected":false},"author":1,"featured_media":0,"parent":502,"menu_order":0,"comment_status":"closed","ping_status":"open","template":"onecolumn-page.php","meta":{"footnotes":""},"class_list":["post-628","page","type-page","status-publish","hentry"],"_links":{"self":[{"href":"https:\/\/meridianclub.eu\/hu\/wp-json\/wp\/v2\/pages\/628","targetHints":{"allow":["GET"]}}],"collection":[{"href":"https:\/\/meridianclub.eu\/hu\/wp-json\/wp\/v2\/pages"}],"about":[{"href":"https:\/\/meridianclub.eu\/hu\/wp-json\/wp\/v2\/types\/page"}],"author":[{"embeddable":true,"href":"https:\/\/meridianclub.eu\/hu\/wp-json\/wp\/v2\/users\/1"}],"replies":[{"embeddable":true,"href":"https:\/\/meridianclub.eu\/hu\/wp-json\/wp\/v2\/comments?post=628"}],"version-history":[{"count":11,"href":"https:\/\/meridianclub.eu\/hu\/wp-json\/wp\/v2\/pages\/628\/revisions"}],"predecessor-version":[{"id":2468,"href":"https:\/\/meridianclub.eu\/hu\/wp-json\/wp\/v2\/pages\/628\/revisions\/2468"}],"up":[{"embeddable":true,"href":"https:\/\/meridianclub.eu\/hu\/wp-json\/wp\/v2\/pages\/502"}],"wp:attachment":[{"href":"https:\/\/meridianclub.eu\/hu\/wp-json\/wp\/v2\/media?parent=628"}],"curies":[{"name":"wp","href":"https:\/\/api.w.org\/{rel}","templated":true}]}}