{"id":626,"date":"2012-04-08T18:07:35","date_gmt":"2012-04-08T16:07:35","guid":{"rendered":"http:\/\/meridianclub.eu\/hu\/?page_id=626"},"modified":"2018-09-24T21:06:02","modified_gmt":"2018-09-24T19:06:02","slug":"kapcsolat-bekes","status":"publish","type":"page","link":"https:\/\/meridianclub.eu\/hu\/kepviselok\/kapcsolat-bekes\/","title":{"rendered":"B\u00e9k\u00e9s"},"content":{"rendered":"<p><strong>P\u00e1ntya Anita &#8211;\u00a0B\u00e9lmegyer<br \/>\n<\/strong>Mail: anita.pantya\u00a0(kukac) meridianclub.eu<br \/>\nMobil: 0036 20\u00a0323 86 45<\/p>\n<p><strong>Zhang Edit &#8211; Budapest<br \/>\n<\/strong>Mail: edit.zhang (kukac) meridianclub.eu<br \/>\nMobil: 0036 30 9908 508<\/p>\n","protected":false},"excerpt":{"rendered":"<p>P\u00e1ntya Anita &#8211;\u00a0B\u00e9lmegyer Mail: anita.pantya\u00a0(kukac) meridianclub.eu Mobil: 0036 20\u00a0323 86 45 Zhang Edit &#8211; Budapest Mail: edit.zhang (kukac) meridianclub.eu Mobil: 0036 30 9908 508<\/p>\n","protected":false},"author":1,"featured_media":0,"parent":502,"menu_order":0,"comment_status":"closed","ping_status":"open","template":"onecolumn-page.php","meta":{"footnotes":""},"class_list":["post-626","page","type-page","status-publish","hentry"],"_links":{"self":[{"href":"https:\/\/meridianclub.eu\/hu\/wp-json\/wp\/v2\/pages\/626","targetHints":{"allow":["GET"]}}],"collection":[{"href":"https:\/\/meridianclub.eu\/hu\/wp-json\/wp\/v2\/pages"}],"about":[{"href":"https:\/\/meridianclub.eu\/hu\/wp-json\/wp\/v2\/types\/page"}],"author":[{"embeddable":true,"href":"https:\/\/meridianclub.eu\/hu\/wp-json\/wp\/v2\/users\/1"}],"replies":[{"embeddable":true,"href":"https:\/\/meridianclub.eu\/hu\/wp-json\/wp\/v2\/comments?post=626"}],"version-history":[{"count":18,"href":"https:\/\/meridianclub.eu\/hu\/wp-json\/wp\/v2\/pages\/626\/revisions"}],"predecessor-version":[{"id":2466,"href":"https:\/\/meridianclub.eu\/hu\/wp-json\/wp\/v2\/pages\/626\/revisions\/2466"}],"up":[{"embeddable":true,"href":"https:\/\/meridianclub.eu\/hu\/wp-json\/wp\/v2\/pages\/502"}],"wp:attachment":[{"href":"https:\/\/meridianclub.eu\/hu\/wp-json\/wp\/v2\/media?parent=626"}],"curies":[{"name":"wp","href":"https:\/\/api.w.org\/{rel}","templated":true}]}}