{"id":624,"date":"2012-04-08T18:06:53","date_gmt":"2012-04-08T16:06:53","guid":{"rendered":"http:\/\/meridianclub.eu\/hu\/?page_id=624"},"modified":"2019-06-07T02:10:56","modified_gmt":"2019-06-07T00:10:56","slug":"kapcsolat-jasz-nagykun-szolnok","status":"publish","type":"page","link":"https:\/\/meridianclub.eu\/hu\/kepviselok\/kapcsolat-jasz-nagykun-szolnok\/","title":{"rendered":"J\u00e1sz-Nagykun-Szolnok"},"content":{"rendered":"<p>\u00d6nh\u00f6z legk\u00f6zelebbi k\u00e9pvisel\u0151ink:<\/p>\n<p><strong>Zhang Edit &#8211; Budapest<br \/>\n<\/strong>Mail: edit.zhang (kukac) meridianclub.eu<br \/>\nMobil: 0036 30 9908 508<\/p>\n<p><strong>Galin\u00e9 Veres Emma &#8211; Debrecen<br \/>\n<\/strong>Mail: lajos.gali (kukac) meridianclub.eu<br \/>\nMobil: 0036 30 302 0670<\/p>\n<p><strong>J\u00f3n\u00e1s Csaba &amp; Katka\u00a0&#8211;\u00a0Debrecen<br \/>\n<\/strong>Mail: csaba.jonas (kukac) meridianclub.eu<br \/>\nMobil: 0036 30\u00a0411 8811<\/p>\n<p><strong>Kozma Zolt\u00e1nn\u00e9 &#8211; Baja<br \/>\n<\/strong>Mail: erzsebet.kozma (kukac) meridianclub.eu<br \/>\nMobil: 0036 30 912 3206<\/p>\n<p>Ha szeretne k\u00e9pvisel\u0151 lenni k\u00e9rj\u00fck vegye fel vel\u00fcnk a kapcsolatot ezen az\u00a0<a href=\"mailto:info@meridianclub.eu\">e-mail<\/a>\u00a0c\u00edmen.<\/p>\n","protected":false},"excerpt":{"rendered":"<p>\u00d6nh\u00f6z legk\u00f6zelebbi k\u00e9pvisel\u0151ink: Zhang Edit &#8211; Budapest Mail: edit.zhang (kukac) meridianclub.eu Mobil: 0036 30 9908 508 Galin\u00e9 Veres Emma &#8211; Debrecen Mail: lajos.gali (kukac) meridianclub.eu Mobil: 0036 30 302 0670 J\u00f3n\u00e1s Csaba &amp; Katka\u00a0&#8211;\u00a0Debrecen Mail: csaba.jonas (kukac) meridianclub.eu Mobil: 0036 &hellip; <a href=\"https:\/\/meridianclub.eu\/hu\/kepviselok\/kapcsolat-jasz-nagykun-szolnok\/\">Egy kattint\u00e1s ide a folytat\u00e1shoz&#8230;. <span class=\"meta-nav\">&rarr;<\/span><\/a><\/p>\n","protected":false},"author":1,"featured_media":0,"parent":502,"menu_order":0,"comment_status":"closed","ping_status":"open","template":"onecolumn-page.php","meta":{"footnotes":""},"class_list":["post-624","page","type-page","status-publish","hentry"],"_links":{"self":[{"href":"https:\/\/meridianclub.eu\/hu\/wp-json\/wp\/v2\/pages\/624","targetHints":{"allow":["GET"]}}],"collection":[{"href":"https:\/\/meridianclub.eu\/hu\/wp-json\/wp\/v2\/pages"}],"about":[{"href":"https:\/\/meridianclub.eu\/hu\/wp-json\/wp\/v2\/types\/page"}],"author":[{"embeddable":true,"href":"https:\/\/meridianclub.eu\/hu\/wp-json\/wp\/v2\/users\/1"}],"replies":[{"embeddable":true,"href":"https:\/\/meridianclub.eu\/hu\/wp-json\/wp\/v2\/comments?post=624"}],"version-history":[{"count":14,"href":"https:\/\/meridianclub.eu\/hu\/wp-json\/wp\/v2\/pages\/624\/revisions"}],"predecessor-version":[{"id":2631,"href":"https:\/\/meridianclub.eu\/hu\/wp-json\/wp\/v2\/pages\/624\/revisions\/2631"}],"up":[{"embeddable":true,"href":"https:\/\/meridianclub.eu\/hu\/wp-json\/wp\/v2\/pages\/502"}],"wp:attachment":[{"href":"https:\/\/meridianclub.eu\/hu\/wp-json\/wp\/v2\/media?parent=624"}],"curies":[{"name":"wp","href":"https:\/\/api.w.org\/{rel}","templated":true}]}}