{"id":622,"date":"2012-04-08T18:06:23","date_gmt":"2012-04-08T16:06:23","guid":{"rendered":"http:\/\/meridianclub.eu\/hu\/?page_id=622"},"modified":"2025-12-01T20:26:56","modified_gmt":"2025-12-01T19:26:56","slug":"kapcsolat-szabolcs-szatmar-bereg","status":"publish","type":"page","link":"https:\/\/meridianclub.eu\/hu\/kepviselok\/kapcsolat-szabolcs-szatmar-bereg\/","title":{"rendered":"Szabolcs-Szatm\u00e1r-Bereg"},"content":{"rendered":"<p><strong>Galin\u00e9 Veres Emma &#8211; Debrecen<br \/>\n<\/strong>Mail: lajos.gali (kukac) meridianclub.eu<br \/>\nMobil: 0036 30 302 0670<\/p>\n<p><strong>J\u00f3n\u00e1s Csaba &amp; Katka\u00a0&#8211;\u00a0Debrecen<br \/>\n<\/strong>Mail: csaba.jonas (kukac) meridianclub.eu<br \/>\nMobil: 0036 30\u00a0411 8811<\/p>\n","protected":false},"excerpt":{"rendered":"<p>Galin\u00e9 Veres Emma &#8211; Debrecen Mail: lajos.gali (kukac) meridianclub.eu Mobil: 0036 30 302 0670 J\u00f3n\u00e1s Csaba &amp; Katka\u00a0&#8211;\u00a0Debrecen Mail: csaba.jonas (kukac) meridianclub.eu Mobil: 0036 30\u00a0411 8811<\/p>\n","protected":false},"author":1,"featured_media":0,"parent":502,"menu_order":0,"comment_status":"closed","ping_status":"open","template":"onecolumn-page.php","meta":{"footnotes":""},"class_list":["post-622","page","type-page","status-publish","hentry"],"_links":{"self":[{"href":"https:\/\/meridianclub.eu\/hu\/wp-json\/wp\/v2\/pages\/622","targetHints":{"allow":["GET"]}}],"collection":[{"href":"https:\/\/meridianclub.eu\/hu\/wp-json\/wp\/v2\/pages"}],"about":[{"href":"https:\/\/meridianclub.eu\/hu\/wp-json\/wp\/v2\/types\/page"}],"author":[{"embeddable":true,"href":"https:\/\/meridianclub.eu\/hu\/wp-json\/wp\/v2\/users\/1"}],"replies":[{"embeddable":true,"href":"https:\/\/meridianclub.eu\/hu\/wp-json\/wp\/v2\/comments?post=622"}],"version-history":[{"count":18,"href":"https:\/\/meridianclub.eu\/hu\/wp-json\/wp\/v2\/pages\/622\/revisions"}],"predecessor-version":[{"id":3166,"href":"https:\/\/meridianclub.eu\/hu\/wp-json\/wp\/v2\/pages\/622\/revisions\/3166"}],"up":[{"embeddable":true,"href":"https:\/\/meridianclub.eu\/hu\/wp-json\/wp\/v2\/pages\/502"}],"wp:attachment":[{"href":"https:\/\/meridianclub.eu\/hu\/wp-json\/wp\/v2\/media?parent=622"}],"curies":[{"name":"wp","href":"https:\/\/api.w.org\/{rel}","templated":true}]}}