{"id":618,"date":"2012-04-08T18:05:28","date_gmt":"2012-04-08T16:05:28","guid":{"rendered":"http:\/\/meridianclub.eu\/hu\/?page_id=618"},"modified":"2025-12-01T20:22:33","modified_gmt":"2025-12-01T19:22:33","slug":"kapcsolat-borsod-abauj-zemplen","status":"publish","type":"page","link":"https:\/\/meridianclub.eu\/hu\/kepviselok\/kapcsolat-borsod-abauj-zemplen\/","title":{"rendered":"Borsod-Aba\u00faj-Zempl\u00e9n"},"content":{"rendered":"<p>Ha szeretne k\u00e9pvisel\u0151 lenni k\u00e9rj\u00fck vegye fel vel\u00fcnk a kapcsolatot ezen az <a href=\"mailto:info@meridianclub.eu\">e-mail<\/a> c\u00edmen.<\/p>\n<p>\u00d6nh\u00f6z legk\u00f6zelebbi k\u00e9pvisel\u0151ink:<\/p>\n<p><strong>Zhang Edit &#8211; Budapest VII. ker\u00fclet<br \/>\n<\/strong>Mail: edit.zhang (kukac) meridianclub.eu<br \/>\nMobil: 0036 30 9908 508<\/p>\n<p><strong>Galin\u00e9 Veres Emma &#8211; Debrecen<br \/>\n<\/strong>Mail: lajos.gali (kukac) meridianclub.eu<br \/>\nMobil: 0036 30 302 0670<\/p>\n<p><strong>J\u00f3n\u00e1s Csaba &amp; Katka\u00a0&#8211;\u00a0Debrecen<br \/>\n<\/strong>Mail: csaba.jonas (kukac) meridianclub.eu<br \/>\nMobil: 0036 30\u00a0411 8811<\/p>\n","protected":false},"excerpt":{"rendered":"<p>Ha szeretne k\u00e9pvisel\u0151 lenni k\u00e9rj\u00fck vegye fel vel\u00fcnk a kapcsolatot ezen az e-mail c\u00edmen. \u00d6nh\u00f6z legk\u00f6zelebbi k\u00e9pvisel\u0151ink: Zhang Edit &#8211; Budapest VII. ker\u00fclet Mail: edit.zhang (kukac) meridianclub.eu Mobil: 0036 30 9908 508 Galin\u00e9 Veres Emma &#8211; Debrecen Mail: lajos.gali (kukac) &hellip; <a href=\"https:\/\/meridianclub.eu\/hu\/kepviselok\/kapcsolat-borsod-abauj-zemplen\/\">Egy kattint\u00e1s ide a folytat\u00e1shoz&#8230;. <span class=\"meta-nav\">&rarr;<\/span><\/a><\/p>\n","protected":false},"author":1,"featured_media":0,"parent":502,"menu_order":0,"comment_status":"closed","ping_status":"open","template":"onecolumn-page.php","meta":{"footnotes":""},"class_list":["post-618","page","type-page","status-publish","hentry"],"_links":{"self":[{"href":"https:\/\/meridianclub.eu\/hu\/wp-json\/wp\/v2\/pages\/618","targetHints":{"allow":["GET"]}}],"collection":[{"href":"https:\/\/meridianclub.eu\/hu\/wp-json\/wp\/v2\/pages"}],"about":[{"href":"https:\/\/meridianclub.eu\/hu\/wp-json\/wp\/v2\/types\/page"}],"author":[{"embeddable":true,"href":"https:\/\/meridianclub.eu\/hu\/wp-json\/wp\/v2\/users\/1"}],"replies":[{"embeddable":true,"href":"https:\/\/meridianclub.eu\/hu\/wp-json\/wp\/v2\/comments?post=618"}],"version-history":[{"count":17,"href":"https:\/\/meridianclub.eu\/hu\/wp-json\/wp\/v2\/pages\/618\/revisions"}],"predecessor-version":[{"id":3160,"href":"https:\/\/meridianclub.eu\/hu\/wp-json\/wp\/v2\/pages\/618\/revisions\/3160"}],"up":[{"embeddable":true,"href":"https:\/\/meridianclub.eu\/hu\/wp-json\/wp\/v2\/pages\/502"}],"wp:attachment":[{"href":"https:\/\/meridianclub.eu\/hu\/wp-json\/wp\/v2\/media?parent=618"}],"curies":[{"name":"wp","href":"https:\/\/api.w.org\/{rel}","templated":true}]}}