{"id":616,"date":"2012-04-08T18:04:41","date_gmt":"2012-04-08T16:04:41","guid":{"rendered":"http:\/\/meridianclub.eu\/hu\/?page_id=616"},"modified":"2018-09-24T21:12:01","modified_gmt":"2018-09-24T19:12:01","slug":"kapcsolat-nograd","status":"publish","type":"page","link":"https:\/\/meridianclub.eu\/hu\/kepviselok\/kapcsolat-nograd\/","title":{"rendered":"N\u00f3gr\u00e1d"},"content":{"rendered":"<p>\u00d6nh\u00f6z legk\u00f6zelebbi k\u00e9pvisel\u0151ink:<\/p>\n<p><strong>P\u00e1ntya Anita &#8211; Salg\u00f3tarj\u00e1n<br \/>\n<\/strong>Mail: anita.pantya\u00a0(kukac) meridianclub.eu<br \/>\nMobil: 0036 20\u00a0323 86 45<\/p>\n<p><strong>Szendr\u0151di Gy\u00f6rgy &#8211; Salg\u00f3tarj\u00e1n<br \/>\n<\/strong>Mail: gyorgy.szendrodi\u00a0(kukac) meridianclub.eu<br \/>\nMobil: 0036 30\u00a0205 42 26<\/p>\n<p><strong>Zhang Edit &#8211; Budapest<br \/>\n<\/strong>Mail: edit.zhang (kukac) meridianclub.eu<br \/>\nMobil: 0036 30 9908 508<\/p>\n","protected":false},"excerpt":{"rendered":"<p>\u00d6nh\u00f6z legk\u00f6zelebbi k\u00e9pvisel\u0151ink: P\u00e1ntya Anita &#8211; Salg\u00f3tarj\u00e1n Mail: anita.pantya\u00a0(kukac) meridianclub.eu Mobil: 0036 20\u00a0323 86 45 Szendr\u0151di Gy\u00f6rgy &#8211; Salg\u00f3tarj\u00e1n Mail: gyorgy.szendrodi\u00a0(kukac) meridianclub.eu Mobil: 0036 30\u00a0205 42 26 Zhang Edit &#8211; Budapest Mail: edit.zhang (kukac) meridianclub.eu Mobil: 0036 30 9908 508<\/p>\n","protected":false},"author":1,"featured_media":0,"parent":502,"menu_order":0,"comment_status":"closed","ping_status":"open","template":"onecolumn-page.php","meta":{"footnotes":""},"class_list":["post-616","page","type-page","status-publish","hentry"],"_links":{"self":[{"href":"https:\/\/meridianclub.eu\/hu\/wp-json\/wp\/v2\/pages\/616","targetHints":{"allow":["GET"]}}],"collection":[{"href":"https:\/\/meridianclub.eu\/hu\/wp-json\/wp\/v2\/pages"}],"about":[{"href":"https:\/\/meridianclub.eu\/hu\/wp-json\/wp\/v2\/types\/page"}],"author":[{"embeddable":true,"href":"https:\/\/meridianclub.eu\/hu\/wp-json\/wp\/v2\/users\/1"}],"replies":[{"embeddable":true,"href":"https:\/\/meridianclub.eu\/hu\/wp-json\/wp\/v2\/comments?post=616"}],"version-history":[{"count":15,"href":"https:\/\/meridianclub.eu\/hu\/wp-json\/wp\/v2\/pages\/616\/revisions"}],"predecessor-version":[{"id":2474,"href":"https:\/\/meridianclub.eu\/hu\/wp-json\/wp\/v2\/pages\/616\/revisions\/2474"}],"up":[{"embeddable":true,"href":"https:\/\/meridianclub.eu\/hu\/wp-json\/wp\/v2\/pages\/502"}],"wp:attachment":[{"href":"https:\/\/meridianclub.eu\/hu\/wp-json\/wp\/v2\/media?parent=616"}],"curies":[{"name":"wp","href":"https:\/\/api.w.org\/{rel}","templated":true}]}}