{"id":612,"date":"2012-04-08T18:02:11","date_gmt":"2012-04-08T16:02:11","guid":{"rendered":"http:\/\/meridianclub.eu\/hu\/?page_id=612"},"modified":"2025-12-01T20:25:07","modified_gmt":"2025-12-01T19:25:07","slug":"kapcsolat-heves","status":"publish","type":"page","link":"https:\/\/meridianclub.eu\/hu\/kepviselok\/kapcsolat-heves\/","title":{"rendered":"Heves"},"content":{"rendered":"<p>\u00d6nh\u00f6z legk\u00f6zelebbi k\u00e9pvisel\u0151ink:<\/p>\n<p><strong>Bar\u00f3csi Zsolt \u00e9s Zsuzsa\u00a0&#8211; Eger, Ostoros<br \/>\n<\/strong>Mail: zsuzsanna.danko\u00a0(kukac) meridianclub.eu<br \/>\nMobil: 0036 30\u00a082 83 953<\/p>\n<p><strong>Horv\u00e1thn\u00e9 Varga Krisztina\u00a0&#8211; Eger<br \/>\n<\/strong>Mail: krisztina.horvathne (kukac) meridianclub.eu<br \/>\nMobil: 0036 30\u00a0457 04 64<\/p>\n<p><strong>R\u00e1kosy Katalin &#8211; Eger<br \/>\n<\/strong>Mail: katalin.rakosy (kukac) meridianclub.eu<br \/>\nMobil: 0036 30\u00a0655 07 48<\/p>\n<p><strong>Zhang Edit &#8211; Budapest<br \/>\n<\/strong>Mail: edit.zhang (kukac) meridianclub.eu<br \/>\nMobil: 0036 30 9908 508<\/p>\n","protected":false},"excerpt":{"rendered":"<p>\u00d6nh\u00f6z legk\u00f6zelebbi k\u00e9pvisel\u0151ink: Bar\u00f3csi Zsolt \u00e9s Zsuzsa\u00a0&#8211; Eger, Ostoros Mail: zsuzsanna.danko\u00a0(kukac) meridianclub.eu Mobil: 0036 30\u00a082 83 953 Horv\u00e1thn\u00e9 Varga Krisztina\u00a0&#8211; Eger Mail: krisztina.horvathne (kukac) meridianclub.eu Mobil: 0036 30\u00a0457 04 64 R\u00e1kosy Katalin &#8211; Eger Mail: katalin.rakosy (kukac) meridianclub.eu Mobil: 0036 &hellip; <a href=\"https:\/\/meridianclub.eu\/hu\/kepviselok\/kapcsolat-heves\/\">Egy kattint\u00e1s ide a folytat\u00e1shoz&#8230;. <span class=\"meta-nav\">&rarr;<\/span><\/a><\/p>\n","protected":false},"author":1,"featured_media":0,"parent":502,"menu_order":0,"comment_status":"closed","ping_status":"open","template":"onecolumn-page.php","meta":{"footnotes":""},"class_list":["post-612","page","type-page","status-publish","hentry"],"_links":{"self":[{"href":"https:\/\/meridianclub.eu\/hu\/wp-json\/wp\/v2\/pages\/612","targetHints":{"allow":["GET"]}}],"collection":[{"href":"https:\/\/meridianclub.eu\/hu\/wp-json\/wp\/v2\/pages"}],"about":[{"href":"https:\/\/meridianclub.eu\/hu\/wp-json\/wp\/v2\/types\/page"}],"author":[{"embeddable":true,"href":"https:\/\/meridianclub.eu\/hu\/wp-json\/wp\/v2\/users\/1"}],"replies":[{"embeddable":true,"href":"https:\/\/meridianclub.eu\/hu\/wp-json\/wp\/v2\/comments?post=612"}],"version-history":[{"count":20,"href":"https:\/\/meridianclub.eu\/hu\/wp-json\/wp\/v2\/pages\/612\/revisions"}],"predecessor-version":[{"id":3163,"href":"https:\/\/meridianclub.eu\/hu\/wp-json\/wp\/v2\/pages\/612\/revisions\/3163"}],"up":[{"embeddable":true,"href":"https:\/\/meridianclub.eu\/hu\/wp-json\/wp\/v2\/pages\/502"}],"wp:attachment":[{"href":"https:\/\/meridianclub.eu\/hu\/wp-json\/wp\/v2\/media?parent=612"}],"curies":[{"name":"wp","href":"https:\/\/api.w.org\/{rel}","templated":true}]}}