{"id":605,"date":"2012-04-08T17:53:33","date_gmt":"2012-04-08T15:53:33","guid":{"rendered":"http:\/\/meridianclub.eu\/hu\/?page_id=605"},"modified":"2019-06-07T01:46:14","modified_gmt":"2019-06-06T23:46:14","slug":"kapcsolat-hajdu-bihar","status":"publish","type":"page","link":"https:\/\/meridianclub.eu\/hu\/kepviselok\/kapcsolat-hajdu-bihar\/","title":{"rendered":"Hajd\u00fa-Bihar"},"content":{"rendered":"<p><strong>Galin\u00e9 Veres Emma &#8211; Debrecen<br \/><\/strong>Mail: lajos.gali (kukac) meridianclub.eu<br \/>Mobil: +36 30 302 0670<\/p>\n<p><strong>J\u00f3n\u00e1s Csaba &amp; Katka\u00a0&#8211;\u00a0Debrecen<br \/><\/strong>Mail: csaba.jonas (kukac) meridianclub.eu<br \/>Mobil: +36 30 935 4939<\/p>\n<p><strong>Cs\u0151sz Tekla Olimpia &#8211; Hajd\u00fab\u00f6sz\u00f6rm\u00e9ny<\/strong><br clear=\"none\" \/>Mail:\u00a0tekla.csosz (kukac) meridianclub.eu<br clear=\"none\" \/>Mobil: +36 30 646 7886<\/p>\n<p><strong>Kontor L\u00e1szl\u00f3 &#8211; Debrecen<br \/><\/strong>Mail: laszlo.kontor (kukac) meridianclub.eu<br \/>Mobil: +36 30 39-97-237<\/p>\n\n\n<p><\/p>\n","protected":false},"excerpt":{"rendered":"<p>Galin\u00e9 Veres Emma &#8211; DebrecenMail: lajos.gali (kukac) meridianclub.euMobil: +36 30 302 0670 J\u00f3n\u00e1s Csaba &amp; Katka\u00a0&#8211;\u00a0DebrecenMail: csaba.jonas (kukac) meridianclub.euMobil: +36 30 935 4939 Cs\u0151sz Tekla Olimpia &#8211; Hajd\u00fab\u00f6sz\u00f6rm\u00e9nyMail:\u00a0tekla.csosz (kukac) meridianclub.euMobil: +36 30 646 7886 Kontor L\u00e1szl\u00f3 &#8211; DebrecenMail: laszlo.kontor (kukac) &hellip; <a href=\"https:\/\/meridianclub.eu\/hu\/kepviselok\/kapcsolat-hajdu-bihar\/\">Egy kattint\u00e1s ide a folytat\u00e1shoz&#8230;. <span class=\"meta-nav\">&rarr;<\/span><\/a><\/p>\n","protected":false},"author":1,"featured_media":0,"parent":502,"menu_order":0,"comment_status":"closed","ping_status":"open","template":"onecolumn-page.php","meta":{"footnotes":""},"class_list":["post-605","page","type-page","status-publish","hentry"],"_links":{"self":[{"href":"https:\/\/meridianclub.eu\/hu\/wp-json\/wp\/v2\/pages\/605","targetHints":{"allow":["GET"]}}],"collection":[{"href":"https:\/\/meridianclub.eu\/hu\/wp-json\/wp\/v2\/pages"}],"about":[{"href":"https:\/\/meridianclub.eu\/hu\/wp-json\/wp\/v2\/types\/page"}],"author":[{"embeddable":true,"href":"https:\/\/meridianclub.eu\/hu\/wp-json\/wp\/v2\/users\/1"}],"replies":[{"embeddable":true,"href":"https:\/\/meridianclub.eu\/hu\/wp-json\/wp\/v2\/comments?post=605"}],"version-history":[{"count":15,"href":"https:\/\/meridianclub.eu\/hu\/wp-json\/wp\/v2\/pages\/605\/revisions"}],"predecessor-version":[{"id":2629,"href":"https:\/\/meridianclub.eu\/hu\/wp-json\/wp\/v2\/pages\/605\/revisions\/2629"}],"up":[{"embeddable":true,"href":"https:\/\/meridianclub.eu\/hu\/wp-json\/wp\/v2\/pages\/502"}],"wp:attachment":[{"href":"https:\/\/meridianclub.eu\/hu\/wp-json\/wp\/v2\/media?parent=605"}],"curies":[{"name":"wp","href":"https:\/\/api.w.org\/{rel}","templated":true}]}}