{"id":601,"date":"2012-04-08T17:52:25","date_gmt":"2012-04-08T15:52:25","guid":{"rendered":"http:\/\/meridianclub.eu\/hu\/?page_id=601"},"modified":"2020-11-02T16:38:46","modified_gmt":"2020-11-02T15:38:46","slug":"kapcsolat-gyor-moson-sopron","status":"publish","type":"page","link":"https:\/\/meridianclub.eu\/hu\/kepviselok\/kapcsolat-gyor-moson-sopron\/","title":{"rendered":"Gy\u0151r-Moson-Sopron"},"content":{"rendered":"<p><strong>Preiner Erzs\u00e9bet\u00a0&#8211; Sopron<br \/>\n<\/strong>Mail:\u00a0erzsebet.preiner (kukac) meridianclub.eu<br \/>\nMobil: 0036\u00a030 957 0443<\/p>\n<p><strong>dr. Tak\u00e1csn\u00e9 Bank M\u00e1ria &#8211; Gy\u0151r<br \/>\n<\/strong>Mail:\u00a0maria.bank (kukac) meridianclub.eu<br \/>\nMobil: 0036 30 2262708<br \/>\nTel: 00 36 96 247 737<\/p>\n<p><strong>Ko\u00f3s L\u00e1szl\u00f3 &#8211; Gy\u0151r, P\u00e1pa<br \/>\n<\/strong>Mail:\u00a0laszlo.koos (kukac) meridianclub.eu<br \/>\nMobil: 0036 70 540 9016<\/p>\n<p><strong>\u00c1brah\u00e1m Judit\u00a0&#8211;\u00a0Fert\u0151d<br \/>\n<\/strong>Mobil: 0036\u00a070 678 2264<\/p>\n<p><strong>Kocsis Tam\u00e1s<br \/>\n<\/strong>Mail: tamas.kocsis (kukac) meridianclub.eu<br \/>\nMobil: 0036 30 469 3093<\/p>\n<p><span style=\"color: #000000;\"><strong>\u00a0<\/strong><\/span><\/p>\n","protected":false},"excerpt":{"rendered":"<p>Preiner Erzs\u00e9bet\u00a0&#8211; Sopron Mail:\u00a0erzsebet.preiner (kukac) meridianclub.eu Mobil: 0036\u00a030 957 0443 dr. Tak\u00e1csn\u00e9 Bank M\u00e1ria &#8211; Gy\u0151r Mail:\u00a0maria.bank (kukac) meridianclub.eu Mobil: 0036 30 2262708 Tel: 00 36 96 247 737 Ko\u00f3s L\u00e1szl\u00f3 &#8211; Gy\u0151r, P\u00e1pa Mail:\u00a0laszlo.koos (kukac) meridianclub.eu Mobil: 0036 70 &hellip; <a href=\"https:\/\/meridianclub.eu\/hu\/kepviselok\/kapcsolat-gyor-moson-sopron\/\">Egy kattint\u00e1s ide a folytat\u00e1shoz&#8230;. <span class=\"meta-nav\">&rarr;<\/span><\/a><\/p>\n","protected":false},"author":1,"featured_media":0,"parent":502,"menu_order":0,"comment_status":"closed","ping_status":"open","template":"onecolumn-page.php","meta":{"footnotes":""},"class_list":["post-601","page","type-page","status-publish","hentry"],"_links":{"self":[{"href":"https:\/\/meridianclub.eu\/hu\/wp-json\/wp\/v2\/pages\/601","targetHints":{"allow":["GET"]}}],"collection":[{"href":"https:\/\/meridianclub.eu\/hu\/wp-json\/wp\/v2\/pages"}],"about":[{"href":"https:\/\/meridianclub.eu\/hu\/wp-json\/wp\/v2\/types\/page"}],"author":[{"embeddable":true,"href":"https:\/\/meridianclub.eu\/hu\/wp-json\/wp\/v2\/users\/1"}],"replies":[{"embeddable":true,"href":"https:\/\/meridianclub.eu\/hu\/wp-json\/wp\/v2\/comments?post=601"}],"version-history":[{"count":15,"href":"https:\/\/meridianclub.eu\/hu\/wp-json\/wp\/v2\/pages\/601\/revisions"}],"predecessor-version":[{"id":2835,"href":"https:\/\/meridianclub.eu\/hu\/wp-json\/wp\/v2\/pages\/601\/revisions\/2835"}],"up":[{"embeddable":true,"href":"https:\/\/meridianclub.eu\/hu\/wp-json\/wp\/v2\/pages\/502"}],"wp:attachment":[{"href":"https:\/\/meridianclub.eu\/hu\/wp-json\/wp\/v2\/media?parent=601"}],"curies":[{"name":"wp","href":"https:\/\/api.w.org\/{rel}","templated":true}]}}