{"id":598,"date":"2012-04-08T17:50:46","date_gmt":"2012-04-08T15:50:46","guid":{"rendered":"http:\/\/meridianclub.eu\/hu\/?page_id=598"},"modified":"2018-09-24T21:13:39","modified_gmt":"2018-09-24T19:13:39","slug":"kapcsolat-tolna","status":"publish","type":"page","link":"https:\/\/meridianclub.eu\/hu\/kepviselok\/kapcsolat-tolna\/","title":{"rendered":"Tolna"},"content":{"rendered":"<p><strong>Kozma Zolt\u00e1nn\u00e9 &#8211; Szeksz\u00e1rd<br \/>\n<\/strong>Mail: erzsebet.kozma (kukac) meridianclub.eu<br \/>\nMobil: 0036 30 912 3206<\/p>\n<p><strong>Szab\u00f3 Ir\u00e9n \u2013 Szeksz\u00e1rd<br \/>\n<\/strong>Mail: iren.szabo (kukac) meridianclub.eu<br \/>\nMobil: 0036 30 9756286<\/p>\n<p><strong>Gy\u00f6rgy Andrea &#8211; Szeksz\u00e1rd<br \/>\n<\/strong>Mail: andrea.gyongy (kukac) meridianclub.eu<br \/>\nMobil: 0036 20\u00a055 66 514<\/p>\n","protected":false},"excerpt":{"rendered":"<p>Kozma Zolt\u00e1nn\u00e9 &#8211; Szeksz\u00e1rd Mail: erzsebet.kozma (kukac) meridianclub.eu Mobil: 0036 30 912 3206 Szab\u00f3 Ir\u00e9n \u2013 Szeksz\u00e1rd Mail: iren.szabo (kukac) meridianclub.eu Mobil: 0036 30 9756286 Gy\u00f6rgy Andrea &#8211; Szeksz\u00e1rd Mail: andrea.gyongy (kukac) meridianclub.eu Mobil: 0036 20\u00a055 66 514<\/p>\n","protected":false},"author":1,"featured_media":0,"parent":502,"menu_order":0,"comment_status":"closed","ping_status":"open","template":"onecolumn-page.php","meta":{"footnotes":""},"class_list":["post-598","page","type-page","status-publish","hentry"],"_links":{"self":[{"href":"https:\/\/meridianclub.eu\/hu\/wp-json\/wp\/v2\/pages\/598","targetHints":{"allow":["GET"]}}],"collection":[{"href":"https:\/\/meridianclub.eu\/hu\/wp-json\/wp\/v2\/pages"}],"about":[{"href":"https:\/\/meridianclub.eu\/hu\/wp-json\/wp\/v2\/types\/page"}],"author":[{"embeddable":true,"href":"https:\/\/meridianclub.eu\/hu\/wp-json\/wp\/v2\/users\/1"}],"replies":[{"embeddable":true,"href":"https:\/\/meridianclub.eu\/hu\/wp-json\/wp\/v2\/comments?post=598"}],"version-history":[{"count":17,"href":"https:\/\/meridianclub.eu\/hu\/wp-json\/wp\/v2\/pages\/598\/revisions"}],"predecessor-version":[{"id":2479,"href":"https:\/\/meridianclub.eu\/hu\/wp-json\/wp\/v2\/pages\/598\/revisions\/2479"}],"up":[{"embeddable":true,"href":"https:\/\/meridianclub.eu\/hu\/wp-json\/wp\/v2\/pages\/502"}],"wp:attachment":[{"href":"https:\/\/meridianclub.eu\/hu\/wp-json\/wp\/v2\/media?parent=598"}],"curies":[{"name":"wp","href":"https:\/\/api.w.org\/{rel}","templated":true}]}}