{"id":594,"date":"2012-04-08T17:47:58","date_gmt":"2012-04-08T15:47:58","guid":{"rendered":"http:\/\/meridianclub.eu\/hu\/?page_id=594"},"modified":"2018-09-24T21:05:42","modified_gmt":"2018-09-24T19:05:42","slug":"kapcsolat-baranya","status":"publish","type":"page","link":"https:\/\/meridianclub.eu\/hu\/kepviselok\/kapcsolat-baranya\/","title":{"rendered":"Baranya"},"content":{"rendered":"<p><strong>Kolbl M\u00f3nika &#8211; P\u00e9cs<br \/>\n<\/strong>Mail: monika.kolbl (kukac) meridianclub.eu<br \/>\nMobil: 0036 30 9908508<\/p>\n<p>\u201eAz eg\u00e9szs\u00e9ges \u00e9letm\u00f3dnak k\u00f6sz\u00f6nhetem, hogy megsz\u0171ntek f\u00e1jdalmaim, szervezetem egyens\u00falya vissza\u00e1llt \u00e9s ez \u00e1ltal sz\u00e1mos betegs\u00e9get siker\u00fclt megel\u0151zn\u00f6m. A term\u00e9szetes t\u00e1panyagok \u00e9s az \u00faj gondolkod\u00e1sm\u00f3dom seg\u00edtett ahhoz, hogy \u00fagy \u00e9ljem \u00e9letem, ahogyan szeretn\u00e9m: f\u00e1jdalom-\u00e9s gy\u00f3gyszermentesen. EMC k\u00e9pvisel\u0151k\u00e9nt szeretn\u00e9m a m\u00e9r\u00e9sek sor\u00e1n \u00f6sszegy\u0171jt\u00f6tt tud\u00e1somat tov\u00e1bbadni,hogy m\u00e1sok is a lehet\u0151 legeg\u00e9szs\u00e9gesebben \u00e9bredjenek napr\u00f3l-napra.\u201d Kolbl M\u00f3nika<\/p>\n<p><strong>Szab\u00f3 Ir\u00e9n &#8211; P\u00e9cs<br \/>\n<\/strong>Mail: iren.szabo (kukac) meridianclub.eu<br \/>\nMobil: 0036 30 9756286<\/p>\n<p><strong>Gy\u00f6rgy Andrea &#8211; P\u00e9cs<br \/>\n<\/strong>Mail: andrea.gyorgy (kukac) meridianclub.eu<br \/>\nMobil: 0036 20\u00a055 66 514<\/p>\n<p><strong>Bogn\u00e1r Magdolna &#8211; P\u00e9cs<br \/>\n<\/strong>Mail: magdolna.bongar (kukac) meridianclub.eu<br \/>\nMobil: 0036\u00a030 92 57 981<\/p>\n<p><strong>Cs\u0151sz Imre &#8211; P\u00e9cs<br \/>\n<\/strong>Mail: imre.csosz (kukac) meridianclub.eu<br \/>\nMobil: 0036\u00a020 499 5421<\/p>\n","protected":false},"excerpt":{"rendered":"<p>Kolbl M\u00f3nika &#8211; P\u00e9cs Mail: monika.kolbl (kukac) meridianclub.eu Mobil: 0036 30 9908508 \u201eAz eg\u00e9szs\u00e9ges \u00e9letm\u00f3dnak k\u00f6sz\u00f6nhetem, hogy megsz\u0171ntek f\u00e1jdalmaim, szervezetem egyens\u00falya vissza\u00e1llt \u00e9s ez \u00e1ltal sz\u00e1mos betegs\u00e9get siker\u00fclt megel\u0151zn\u00f6m. A term\u00e9szetes t\u00e1panyagok \u00e9s az \u00faj gondolkod\u00e1sm\u00f3dom seg\u00edtett ahhoz, hogy \u00fagy &hellip; <a href=\"https:\/\/meridianclub.eu\/hu\/kepviselok\/kapcsolat-baranya\/\">Egy kattint\u00e1s ide a folytat\u00e1shoz&#8230;. <span class=\"meta-nav\">&rarr;<\/span><\/a><\/p>\n","protected":false},"author":1,"featured_media":0,"parent":502,"menu_order":0,"comment_status":"closed","ping_status":"open","template":"onecolumn-page.php","meta":{"footnotes":""},"class_list":["post-594","page","type-page","status-publish","hentry"],"_links":{"self":[{"href":"https:\/\/meridianclub.eu\/hu\/wp-json\/wp\/v2\/pages\/594","targetHints":{"allow":["GET"]}}],"collection":[{"href":"https:\/\/meridianclub.eu\/hu\/wp-json\/wp\/v2\/pages"}],"about":[{"href":"https:\/\/meridianclub.eu\/hu\/wp-json\/wp\/v2\/types\/page"}],"author":[{"embeddable":true,"href":"https:\/\/meridianclub.eu\/hu\/wp-json\/wp\/v2\/users\/1"}],"replies":[{"embeddable":true,"href":"https:\/\/meridianclub.eu\/hu\/wp-json\/wp\/v2\/comments?post=594"}],"version-history":[{"count":12,"href":"https:\/\/meridianclub.eu\/hu\/wp-json\/wp\/v2\/pages\/594\/revisions"}],"predecessor-version":[{"id":2465,"href":"https:\/\/meridianclub.eu\/hu\/wp-json\/wp\/v2\/pages\/594\/revisions\/2465"}],"up":[{"embeddable":true,"href":"https:\/\/meridianclub.eu\/hu\/wp-json\/wp\/v2\/pages\/502"}],"wp:attachment":[{"href":"https:\/\/meridianclub.eu\/hu\/wp-json\/wp\/v2\/media?parent=594"}],"curies":[{"name":"wp","href":"https:\/\/api.w.org\/{rel}","templated":true}]}}