{"id":502,"date":"2012-04-08T18:19:12","date_gmt":"2012-04-08T16:19:12","guid":{"rendered":"http:\/\/meridianclub.eu\/hu\/?page_id=502"},"modified":"2018-09-02T21:58:19","modified_gmt":"2018-09-02T19:58:19","slug":"kepviselok","status":"publish","type":"page","link":"https:\/\/meridianclub.eu\/hu\/kepviselok\/","title":{"rendered":"K\u00e9pvisel\u0151k"},"content":{"rendered":"<p>Kattintson a megy\u00e9re, hogy l\u00e1ssa az ott dolgoz\u00f3 koll\u00e9g\u00e1ink el\u00e9rhet\u0151s\u00e9geit. Budapest \u00e9s Pest megye k\u00e9t k\u00fcl\u00f6n ter\u00fclet!<\/p>\n<map id=\"megyek\" name=\"megyek\">\n<area title=\"Gy\u0151r-Moson-Sopron\" alt=\"Gy\u0151r-Moson-Sopron\" coords=\"90,177,102,177,108,170,106,176,133,173,133,154,125,143,136,140,139,123,151,113,220,168,241,171,241,192,245,194,239,240,226,252,225,261,223,252,219,252,217,245,227,236,219,222,190,228,184,231,175,218,171,226,142,227,128,234,129,222,114,236,102,225,84,231,76,223,84,205,77,188,46,181,63,169,64,163,75,163,86,167\" shape=\"poly\" href=\"?page_id=601\" \/>\n<area title=\"Kom\u00e1rom-Esztergom\" alt=\"Kom\u00e1rom-Esztergom\" coords=\"292,172,314,166,345,166,354,156,373,159,379,176,366,176,371,188,356,183,356,187,357,190,345,203,320,207,327,221,310,222,301,230,304,233,294,237,282,222,270,231,261,249,250,249,246,239,240,239,246,195,240,192,243,170,261,167\" shape=\"poly\" href=\"?page_id=634\" \/>\n<area title=\"Budapest\" alt=\"Budapest\" coords=\"382,242,398,236,405,247,431,224,429,214,420,215,400,197,379,202,379,222,383,223\" shape=\"poly\" href=\"?page_id=590\" \/>\n<area title=\"Pest\" alt=\"Pest\" coords=\"379,128,398,150,444,156,451,182,462,169,475,208,480,215,485,210,490,210,486,220,525,254,520,265,536,279,527,289,535,311,519,320,504,315,499,325,489,325,465,289,457,292,450,305,431,313,426,308,432,295,418,287,416,296,400,307,383,307,374,299,370,280,377,261,355,237,360,230,346,205,357,189,355,186,358,183,368,188,367,175,378,175,357,145,358,123,364,122,366,110,377,109,382,115,386,116,387,125\" shape=\"poly\" href=\"?page_id=630\" \/>\n<area title=\"N\u00f3gr\u00e1d\" alt=\"N\u00f3gr\u00e1d\" coords=\"450,102,457,79,457,79,469,71,476,74,478,80,483,78,492,83,491,89,500,85,506,94,522,85,530,92,516,101,522,118,508,135,495,135,499,143,495,143,486,137,487,146,464,172,458,170,452,183,445,157,397,150,380,129,388,124,387,116,378,110\" shape=\"poly\" href=\"?page_id=616\" \/>\n<area title=\"Heves\" alt=\"Heves\" coords=\"555,100,555,94,562,94,565,101,570,89,576,88,583,106,579,126,588,133,585,137,578,139,597,170,596,174,603,180,615,180,622,186,573,232,562,225,558,216,548,196,533,199,538,204,520,201,519,185,506,186,496,199,487,193,475,201,463,173,488,145,487,140,487,140,498,144,494,136,508,135,520,118,515,101,530,92,537,92,546,102\" shape=\"poly\" href=\"?page_id=612\" \/>\n<area title=\"Borsod-Aba\u00faj-Zempl\u00e9n\" alt=\"Borsod-Aba\u00faj-Zempl\u00e9n\" coords=\"583,14,625,5,643,16,659,16,662,21,677,10,685,13,689,5,705,1,716,13,727,15,741,46,755,47,756,42,793,37,787,56,781,51,746,77,708,79,702,91,709,101,696,111,681,104,678,111,667,110,661,116,666,126,656,167,631,186,625,181,620,183,612,178,603,179,598,174,596,167,577,137,588,133,579,126,583,107,578,90,570,90,565,101,560,95,556,95,555,101,547,101,536,92,530,92,526,85,539,69,558,67\" shape=\"poly\" href=\"?page_id=618\" \/>\n<area title=\"Szabolcs-Szatm\u00e1r-Bereg\" alt=\"Szabolcs-Szatm\u00e1r-Bereg\" coords=\"828,63,843,61,859,89,888,85,896,97,891,109,900,114,894,126,880,128,883,138,877,141,870,150,855,154,842,148,838,162,826,159,817,166,807,192,801,189,799,179,794,178,787,188,774,166,761,179,722,154,723,129,683,133,675,124,666,124,661,116,667,109,676,111,683,104,696,110,711,100,702,92,706,80,746,76,782,52,787,56,804,27,829,64\" shape=\"poly\" href=\"?page_id=622\" \/>\n<area title=\"J\u00e1sz-Nagykun-Szolnok\" alt=\"J\u00e1sz-Nagykun-Szolnok\" coords=\"633,198,645,196,651,204,654,268,634,285,634,301,615,308,616,329,581,335,576,344,578,353,563,360,552,354,544,362,522,351,535,345,533,339,544,327,536,325,540,316,535,310,527,288,533,277,519,265,522,254,486,221,490,212,485,210,481,215,473,204,487,194,497,198,505,185,521,184,519,200,538,205,532,200,547,197,563,227,578,231,625,180,627,184\" shape=\"poly\" href=\"?page_id=624\" \/>\n<area title=\"Hajd\u00fa-Bihar\" alt=\"Hajd\u00fa-Bihar\" coords=\"693,281,670,278,653,266,651,202,645,196,634,199,629,184,657,164,666,124,675,124,687,135,723,128,723,158,761,178,773,166,787,188,795,177,800,178,800,193,785,212,790,220,786,234,779,235,759,287,750,290,742,305,730,312,729,319,717,322,711,315,685,309,685,300,694,295\" shape=\"poly\" href=\"?page_id=605\" \/>\n<area title=\"B\u00e9k\u00e9s\" alt=\"B\u00e9k\u00e9s\" coords=\"686,426,681,449,673,449,669,460,625,454,622,433,615,433,614,441,600,439,601,360,578,352,576,341,576,341,581,333,616,329,616,306,635,300,636,283,655,266,655,266,673,281,693,282,693,296,685,300,687,312,710,315,719,323,730,318,729,310,743,305,746,312,742,323,736,323,735,338,726,340,721,357,729,361,722,374,714,370,715,377,713,383,701,382,691,410,701,420,695,430\" shape=\"poly\" href=\"?page_id=626\" \/>\n<area title=\"Csongr\u00e1d\" alt=\"Csongr\u00e1d\" coords=\"591,472,585,482,572,477,555,487,549,481,542,482,536,475,530,483,525,478,514,476,497,486,482,475,475,460,480,451,477,442,498,435,503,437,509,425,503,412,492,407,492,407,506,398,513,402,522,395,522,372,516,368,528,354,545,363,553,353,565,360,583,351,590,357,590,357,601,360,600,402,604,405,604,417,602,419,596,437,600,438,614,440,615,433,621,433,626,455,618,481,611,479,609,483\" shape=\"poly\" href=\"?page_id=628\" \/>\n<area title=\"B\u00e1cs-Kiskun\" alt=\"B\u00e1cs-Kiskun\" coords=\"406,503,395,511,398,518,387,521,387,526,361,529,359,524,369,508,365,503,351,503,356,491,361,491,369,459,376,459,372,433,378,421,369,388,389,374,377,344,384,304,397,307,416,296,419,289,431,294,428,308,431,314,450,303,455,291,466,291,477,315,499,326,506,315,520,323,519,316,531,311,540,316,535,327,543,327,534,339,536,345,522,351,529,355,515,370,522,373,521,395,513,403,506,398,493,408,503,411,509,425,506,436,498,434,477,443,481,453,474,460,482,473,462,478,455,484,461,488,427,512,407,511\" shape=\"poly\" href=\"?page_id=596\" \/>\n<area title=\"Fej\u00e9r\" alt=\"Fej\u00e9r\" coords=\"326,357,316,367,310,361,293,352,281,358,277,324,277,324,287,309,281,299,284,297,283,271,274,263,269,265,259,248,281,223,294,235,303,233,303,228,312,222,327,221,321,207,347,204,359,229,356,236,376,262,370,278,374,300,383,307,377,342,352,363,350,371,340,376\" shape=\"poly\" href=\"?page_id=632\" \/>\n<area title=\"Veszpr\u00e9m\" alt=\"Veszpr\u00e9m\" coords=\"175,362,159,328,151,329,152,319,148,311,140,313,129,299,150,297,151,252,159,248,147,237,146,227,172,227,175,218,182,231,220,221,226,235,217,247,224,261,226,251,240,238,245,238,249,248,258,248,268,266,274,264,282,273,282,300,287,312,278,325,263,322,242,330,242,336,236,338,231,339,183,363\" shape=\"poly\" href=\"?page_id=636\" \/>\n<area title=\"Vas\" alt=\"Vas\" coords=\"24,308,56,310,45,303,55,298,49,289,59,282,47,283,44,270,53,255,49,241,49,229,66,230,75,223,82,230,103,224,114,234,129,223,129,233,145,228,148,239,159,249,151,251,148,298,130,299,129,308,122,304,124,313,117,320,98,316,91,324,71,325,48,353,32,352,39,354,33,366,27,348,33,343,22,332,0,336\" shape=\"poly\" href=\"?page_id=603\" \/>\n<area title=\"Zala\" alt=\"Zala\" coords=\"121,425,125,442,109,451,95,435,79,431,71,415,54,409,37,377,40,375,40,369,34,368,38,354,54,348,71,325,90,324,97,316,116,317,124,313,122,304,130,307,130,301,142,314,148,312,153,319,150,331,159,328,176,362,155,366,148,379,148,409,144,412,142,426\" shape=\"poly\" href=\"?page_id=640\" \/>\n<area title=\"Tolna\" alt=\"Tolna\" coords=\"298,431,277,432,280,443,265,455,260,451,264,441,261,435,253,431,262,426,257,401,264,400,263,390,273,374,269,366,293,352,314,366,326,359,339,377,351,371,350,364,377,343,389,373,370,387,377,422,370,433,375,459,368,459,363,490,344,487,318,453,303,469,308,457\" shape=\"poly\" href=\"?page_id=598\" \/>\n<area title=\"Somogy\" alt=\"Somogy\" coords=\"212,464,201,511,202,523,215,537,203,537,195,524,166,520,140,488,141,478,100,453,101,446,110,451,124,442,120,425,141,425,148,409,148,377,155,366,176,363,242,336,242,330,263,321,277,326,282,338,280,340,282,357,271,366,271,375,263,388,263,398,257,401,261,426,253,431,253,434,259,435,264,441,263,451,248,450,241,465,226,469\" shape=\"poly\" href=\"?page_id=638\" \/>\n<area title=\"Baranya\" alt=\"Baranya\" coords=\"341,527,329,548,317,552,311,556,311,563,305,561,300,555,296,560,283,557,268,552,263,557,237,550,232,556,225,548,205,539,214,536,212,528,203,520,202,500,213,465,228,469,243,464,247,449,267,455,278,442,278,431,297,431,307,453,301,469,315,461,316,452,345,487,358,490,350,502,352,506,368,506,360,525,361,537\" shape=\"poly\" href=\"?page_id=594\" \/><!-- Created by Online Image Map Editor (http:\/\/www.maschek.hu\/imagemap\/index) --><\/map>\n<p><img loading=\"lazy\" decoding=\"async\" class=\"alignleft wp-image-503\" style=\"max-width: 900px;\" src=\"\/hu\/wp-content\/uploads\/2012\/04\/megyek_nagy_outline_3.png\" alt=\"\" usemap=\"#megyek\" width=\"1200\" height=\"750\" \/><\/p>\n","protected":false},"excerpt":{"rendered":"<p>Kattintson a megy\u00e9re, hogy l\u00e1ssa az ott dolgoz\u00f3 koll\u00e9g\u00e1ink el\u00e9rhet\u0151s\u00e9geit. Budapest \u00e9s Pest megye k\u00e9t k\u00fcl\u00f6n ter\u00fclet!<\/p>\n","protected":false},"author":1,"featured_media":0,"parent":0,"menu_order":0,"comment_status":"closed","ping_status":"closed","template":"onecolumn-page.php","meta":{"footnotes":""},"class_list":["post-502","page","type-page","status-publish","hentry"],"_links":{"self":[{"href":"https:\/\/meridianclub.eu\/hu\/wp-json\/wp\/v2\/pages\/502","targetHints":{"allow":["GET"]}}],"collection":[{"href":"https:\/\/meridianclub.eu\/hu\/wp-json\/wp\/v2\/pages"}],"about":[{"href":"https:\/\/meridianclub.eu\/hu\/wp-json\/wp\/v2\/types\/page"}],"author":[{"embeddable":true,"href":"https:\/\/meridianclub.eu\/hu\/wp-json\/wp\/v2\/users\/1"}],"replies":[{"embeddable":true,"href":"https:\/\/meridianclub.eu\/hu\/wp-json\/wp\/v2\/comments?post=502"}],"version-history":[{"count":86,"href":"https:\/\/meridianclub.eu\/hu\/wp-json\/wp\/v2\/pages\/502\/revisions"}],"predecessor-version":[{"id":2458,"href":"https:\/\/meridianclub.eu\/hu\/wp-json\/wp\/v2\/pages\/502\/revisions\/2458"}],"wp:attachment":[{"href":"https:\/\/meridianclub.eu\/hu\/wp-json\/wp\/v2\/media?parent=502"}],"curies":[{"name":"wp","href":"https:\/\/api.w.org\/{rel}","templated":true}]}}