{"id":32,"date":"2011-01-02T11:48:47","date_gmt":"2011-01-02T10:48:47","guid":{"rendered":"http:\/\/meridianclub.eu\/hu\/?page_id=32"},"modified":"2021-02-25T21:08:39","modified_gmt":"2021-02-25T20:08:39","slug":"termekleiras","status":"publish","type":"page","link":"https:\/\/meridianclub.eu\/hu\/termekleiras\/","title":{"rendered":"Term\u00e9kle\u00edr\u00e1s"},"content":{"rendered":"\n<figure class=\"wp-block-image size-medium is-style-default\"><a href=\"http:\/\/meridianclub.eu\/hu\/wp-content\/uploads\/2011\/01\/emc-term\u00e9kle\u00edr\u00e1s.jpg\"><img loading=\"lazy\" decoding=\"async\" width=\"300\" height=\"224\" src=\"https:\/\/meridianclub.eu\/hu\/wp-content\/uploads\/2011\/01\/emc-term\u00e9kle\u00edr\u00e1s-300x224.jpg\" alt=\"\" class=\"wp-image-862\" title=\"emc term\u00e9kle\u00edr\u00e1s\" srcset=\"https:\/\/meridianclub.eu\/hu\/wp-content\/uploads\/2011\/01\/emc-term\u00e9kle\u00edr\u00e1s-300x224.jpg 300w, https:\/\/meridianclub.eu\/hu\/wp-content\/uploads\/2011\/01\/emc-term\u00e9kle\u00edr\u00e1s.jpg 628w\" sizes=\"auto, (max-width: 300px) 100vw, 300px\" \/><\/a><\/figure>\n","protected":false},"excerpt":{"rendered":"","protected":false},"author":1,"featured_media":0,"parent":0,"menu_order":0,"comment_status":"closed","ping_status":"open","template":"","meta":{"footnotes":""},"class_list":["post-32","page","type-page","status-publish","hentry"],"_links":{"self":[{"href":"https:\/\/meridianclub.eu\/hu\/wp-json\/wp\/v2\/pages\/32","targetHints":{"allow":["GET"]}}],"collection":[{"href":"https:\/\/meridianclub.eu\/hu\/wp-json\/wp\/v2\/pages"}],"about":[{"href":"https:\/\/meridianclub.eu\/hu\/wp-json\/wp\/v2\/types\/page"}],"author":[{"embeddable":true,"href":"https:\/\/meridianclub.eu\/hu\/wp-json\/wp\/v2\/users\/1"}],"replies":[{"embeddable":true,"href":"https:\/\/meridianclub.eu\/hu\/wp-json\/wp\/v2\/comments?post=32"}],"version-history":[{"count":6,"href":"https:\/\/meridianclub.eu\/hu\/wp-json\/wp\/v2\/pages\/32\/revisions"}],"predecessor-version":[{"id":2902,"href":"https:\/\/meridianclub.eu\/hu\/wp-json\/wp\/v2\/pages\/32\/revisions\/2902"}],"wp:attachment":[{"href":"https:\/\/meridianclub.eu\/hu\/wp-json\/wp\/v2\/media?parent=32"}],"curies":[{"name":"wp","href":"https:\/\/api.w.org\/{rel}","templated":true}]}}