{"id":2,"date":"2010-12-31T14:45:15","date_gmt":"2010-12-31T14:45:15","guid":{"rendered":"http:\/\/meridianclub.eu\/hu\/?page_id=2"},"modified":"2017-05-04T22:44:46","modified_gmt":"2017-05-04T20:44:46","slug":"nevjegy","status":"publish","type":"page","link":"https:\/\/meridianclub.eu\/hu\/nevjegy\/","title":{"rendered":"Le\u00edr\u00e1s"},"content":{"rendered":"<p style=\"text-align: justify;\">\u201eK\u00ednai hagyom\u00e1nyos orvosl\u00e1s \u2013 eg\u00e9szs\u00e9g meg\u0151rz\u00e9s\u201d Meridi\u00e1n t\u00e9rk\u00e9p \u2013 EMC elektronikus m\u00e9r\u0151k\u00e9sz\u00fcl\u00e9k A 21. sz\u00e1zad az eg\u00e9szs\u00e9g\u00fcgy v\u00e1ls\u00e1g\u00e1t hozta el a vil\u00e1gban. A nyugati orvosl\u00e1s egy-egy betegs\u00e9get, \u00edgy-egy szervet gy\u00f3gy\u00edt, mik\u00f6zben nem adja vissza az eg\u00e9szs\u00e9get. M\u00e9g kev\u00e9sb\u00e9 ad v\u00e1laszt arra: hogyan \u00e9lj\u00fcnk eg\u00e9szs\u00e9gesen hossz\u00fa ideig? A t\u00e1pl\u00e1lkoz\u00e1si szak\u00e9rt\u0151, a k\u00ednai hagyom\u00e1nyos orvos egy 5000 \u00e9ves hagyom\u00e1nyt k\u00f6vetve, ugyanakkor a legmodernebb EMC m\u00e9r\u0151k\u00e9sz\u00fcl\u00e9kkel t\u00e9rk\u00e9pezi fel az emberi szervezetet \u00e9s ad a szervezet egyens\u00faly\u00e1t vissza\u00e1ll\u00edt\u00f3, egy\u00e9nre szabott tan\u00e1csokat.<\/p>\n<p style=\"text-align: justify;\">Egy speci\u00e1lis meridi\u00e1n t\u00e9rk\u00e9pen mutatja meg az ember gyenge pontjait, melyek az \u0151si hagyom\u00e1nyokon alapul\u00f3 szakavatott seg\u00edts\u00e9g\u00e9vel er\u0151s\u00edthet\u0151k. A hagyom\u00e1nyos k\u00ednai orvosl\u00e1s nem betegs\u00e9get gy\u00f3gy\u00edt, seg\u00edt eg\u00e9szs\u00e9gesnek maradni. Meridi\u00e1n t\u00e9rk\u00e9p: az emberi test gyenge pontjai Mi a szerepe a k\u00ednai hagyom\u00e1nyos orvosl\u00e1snak? A civiliz\u00e1ci\u00f3 fejl\u0151d\u00e9s\u00e9vel, az \u00e9letmin\u0151s\u00e9g javul\u00e1s\u00e1val k\u00f6nnyebben \u00e9l\u00fcnk, azonban nagyon sok olyan betegs\u00e9ggel szembes\u00fcl\u00fcnk, ami kor\u00e1bban nem l\u00e9tezett. Ilyenek p\u00e9ld\u00e1ul az \u00e9rrendszeri betegs\u00e9gek, melyek a vil\u00e1gon els\u0151 sz\u00e1m\u00fa hal\u00e1loz\u00e1si okot jelentik minden m\u00e1sodik embern\u00e9l jelentkezik, a lista m\u00e1sodik hely\u00e9n a r\u00e1kos betegs\u00e9gek \u00e1llnak. Minden negyedik ember a F\u00f6ld\u00f6n daganatos betegs\u00e9gben hal meg. Mindez a k\u00f6rnyezet\u00fcnk puszt\u00edt\u00e1s\u00e1b\u00f3l, a leveg\u0151, a v\u00edz, a f\u00f6ld szennyez\u00e9s\u00e9b\u0151l ered. Ez\u00e9rt van az, hogy az elfogyasztott t\u00e1pl\u00e1l\u00e9k nagy r\u00e9sze k\u00e1ros az emberi szervezetre.<\/p>\n<p style=\"text-align: justify;\">A megold\u00e1s csak a gondolkod\u00e1sm\u00f3d megv\u00e1ltoztat\u00e1sa lehet. Az embernek fontos, hogy megismerje \u00f6nmag\u00e1t, \u00e9letm\u00f3dj\u00e1t, t\u00e1pl\u00e1lkoz\u00e1si szok\u00e1sait tudatosan alak\u00edtsa. A mell\u00e9khat\u00e1sok nem fogadhat\u00f3k el\u2026 Az Eg\u00e9szs\u00e9g\u00fcgyi Vil\u00e1gszervezet (WHO) felm\u00e9r\u00e9se alapj\u00e1n a hal\u00e1loz\u00e1sok k\u00e9tharmada vil\u00e1gszerte a nem tud\u00e1sb\u00f3l sz\u00e1rmazik. A k\u00ednai hagyom\u00e1nyos orvosl\u00e1s ez\u00e9rt legf\u0151bb k\u00fcldet\u00e9s\u00e9nek tekinti, hogy inform\u00e1ci\u00f3t, ismereteket adjon az embereknek. A kulcssz\u00f3 a megel\u0151z\u00e9s. A nyugati orvosl\u00e1st\u00f3l mer\u0151ben elt\u00e9r\u0151 megk\u00f6zel\u00edt\u00e9s ez, hiszen egy-egy szerv megbeteged\u00e9sekor, f\u00e1jdalmakor soha nem gy\u00f3gy\u00edtanak \u00fagy, hogy k\u00f6zben m\u00e1s szervet k\u00e1ros\u00edtsanak. A gy\u00f3gyszerek sok-sok mell\u00e9khat\u00e1s\u00e1t a k\u00ednai orvosl\u00e1s nem fogadja el. Nem teheti, hiszen azt \u00e1ll\u00edtja, a szervezet egys\u00e9g\u00e9t kell helyre\u00e1ll\u00edtani, majd fenntartani, hogy k\u00e9pes legyen \u00f6nmag\u00e1t meg\u00f3vni, harmonikusan m\u0171k\u00f6dni. Ha ki\u00fct\u00e9s van a b\u0151r\u00f6n, a k\u00ednai orvosl\u00e1s nem elnyomja, elt\u00fcntetik a kellemetlen foltot, hanem a szervezet egys\u00e9g\u00e9t tekintve a t\u00fcd\u0151 m\u0171k\u00f6d\u00e9s\u00e9t figyelik. Ezen k\u00edv\u00fcl a vastagb\u00e9l rossz m\u0171k\u00f6d\u00e9s\u00e9re gyanakodnak, ha a salakanyag nem tud \u00fcr\u00fclni, akkor is jelezhet ily m\u00f3don az emberi szervezet.<\/p>\n<p style=\"text-align: justify;\">A k\u00ednai hagyom\u00e1nyos orvosl\u00e1s alapja a 12 f\u0151 energiap\u00e1lya \u00e9s az ezekhez kapcsol\u00f3d\u00f3 365 meridi\u00e1n pont. Ha a szervezetben probl\u00e9ma van, ezeket a pontokat \u00e9rint\u00e9ssel: akupunkt\u00fara eset\u00e9n t\u0171sz\u00far\u00e1ssal, akupressz\u00fara eset\u00e9n nyom\u00e1ssal k\u00e9sztetik helyes m\u0171k\u00f6d\u00e9sre. Ez term\u00e9szetesen szak\u00e9rtelmet, a pontok megtal\u00e1l\u00e1sa hossz\u00fa \u00e9vek tapasztalat\u00e1t k\u00f6vetelik meg a k\u00ednai orvosokt\u00f3l. A gyors \u00e9s biztos diagn\u00f3zisban seg\u00edti az EMC elektronikus m\u00e9r\u0151m\u0171szer, melynek seg\u00edts\u00e9g\u00e9vel n\u00e9h\u00e1ny perc alatt pontosan fel\u00e1ll\u00edthat\u00f3 az ember meridi\u00e1n-t\u00e9rk\u00e9pe. <!--more-->Az eg\u00e9szs\u00e9g \u00f6t alapk\u00f6ve\u2026 A hagyom\u00e1nyos k\u00ednai orvosl\u00e1s szerint 5 alap sz\u00fcks\u00e9ges az eg\u00e9szs\u00e9g el\u00e9r\u00e9s\u00e9hez, illetve megtart\u00e1s\u00e1hoz. Az els\u0151 a megfelel\u0151 mennyis\u00e9g\u0171 \u00e9s min\u0151s\u00e9g\u0171 alv\u00e1s, ami a m\u00e1jat \u00e9s az ep\u00e9t er\u0151s\u00edti. A m\u00e1sodik alapvet\u0151 dolog a megfelel\u0151 hangulatszint, a j\u00f3kedv, j\u00f3 k\u00f6z\u00e9rzet er\u0151s\u00edti a sz\u00edvet, t\u00e1mogatja a v\u00e9konyb\u00e9l m\u0171k\u00f6d\u00e9s\u00e9t, ami a t\u00e1panyag-felsz\u00edv\u00f3d\u00e1st seg\u00edti. A harmadik pill\u00e9r: az \u00e9tkez\u00e9s egyens\u00falya, J\u00f3l ismerj\u00fck a tan\u00e1csot, t\u00e1pl\u00e1lkozzunk v\u00e1ltozatosan, fogyasszunk sok z\u00f6lds\u00e9get, gy\u00fcm\u00f6lcs\u00f6t, n\u00f6v\u00e9nyi rostot, gabon\u00e1t, megfelel\u0151 mennyis\u00e9g\u0171 feh\u00e9rj\u00e9t\u2026Az ide\u00e1lis az lenne, ha naponta 45-f\u00e9le t\u00e1pl\u00e1l\u00e9kot venn\u00e9nk magunkhoz, ebben term\u00e9szetesen a v\u00edz, vagy p\u00e9ld\u00e1ul a s\u00f3 is benne van. Ha j\u00f3l \u00f6sszesz\u00e1moljuk, bizony a legritk\u00e1bban j\u00f6n \u00f6ssze ez a mennyis\u00e9g. Ez\u00e9rt van sz\u00fcks\u00e9g megfelel\u0151 min\u0151s\u00e9g\u0171 t\u00e1pl\u00e1l\u00e9k-kieg\u00e9sz\u00edt\u0151kre. A megfelel\u0151 min\u0151s\u00e9get, csak term\u00e9szetes alap\u00fa, ellen\u0151rz\u00f6tt biol\u00f3giai termeszt\u00e9sb\u0151l sz\u00e1rmaz\u00f3 n\u00f6v\u00e9nyek haszn\u00e1lhat\u00f3k fel. Ez a l\u00e9p\u00fcnket \u00e9s gyomrunkat er\u0151s\u00edti. A negyedik alapk\u0151 a mozg\u00e1s, amivel a t\u00fcd\u0151 \u2013 szorosan \u00f6sszef\u00fcgg ezzel a b\u0151r, a vastagb\u00e9l er\u0151s\u00edt\u00e9s\u00e9t eredm\u00e9nyezi. V\u00e9g\u00fcl \u00f6t\u00f6dik f\u0151 elem a v\u00edz, amit megfelel\u0151 mennyis\u00e9gben \u00e9s lehet\u0151leg min\u0151s\u00e9gben kell elfogyasztani. Naponta minimum 2-3 litert kell meginni ahhoz, hogy a szervezet megfelel\u0151en m\u0171k\u00f6dj\u00f6n. Test\u00fcnk 70 %-a, v\u00e9r\u00fcnk 95%-\u00e1nak alkot\u00f3eleme, n\u00e9lk\u00fcl\u00f6zhetetlen az \u00e9lethez. A vese, a h\u00fagyh\u00f3lyag er\u0151s\u00edt\u00e9se, a megfelel\u0151 m\u00e9regtelen\u00edt\u00e9s hat\u00e9kony eszk\u00f6ze az eml\u00edtett folyad\u00e9kbevitel. Ha a fenti \u00f6t alap egyik\u00e9vel probl\u00e9ma van, akkor az egyens\u00faly felborul \u00e9s ez a betegs\u00e9g kialakul\u00e1s\u00e1t eredm\u00e9nyezheti.<\/p>\n<p style=\"text-align: justify;\">Fontos, hogy magunkat is figyelj\u00fck, tudatosan \u00e9lj\u00fcnk. Meridi\u00e1n t\u00e9rk\u00e9p k\u00e9sz\u00fcl az EMC-k\u00e9sz\u00fcl\u00e9kkel Az EMC k\u00e9sz\u00fcl\u00e9k a hagyom\u00e1nyos k\u00ednai orvosl\u00e1son alapul\u00f3 elektronikus m\u00e9r\u0151m\u0171szer, mely a meridi\u00e1n p\u00e1ly\u00e1kat m\u00e9ri. Az \u0171rkutat\u00e1sban kifejlesztett eszk\u00f6z nagyszer\u0171en egyes\u00edti a hagyom\u00e1nyt \u00e9s a modern tudom\u00e1ny v\u00edvm\u00e1nyait. Egykor az \u0171rruh\u00e1ba be\u00e9p\u00edtve 24 ponton m\u00e9rte az \u0171rhaj\u00f3s \u00e1llapot\u00e1t, ami a F\u00f6ld\u00f6n a programot ellen\u0151rz\u0151 tud\u00f3scsoport sz\u00e1m\u00e1ra k\u00f6vethet\u0151 volt. Ezt az elvet tov\u00e1bbfejlesztve alkott\u00e1k meg az EMC k\u00e9sz\u00fcl\u00e9ket, mely jelent\u0151sen ler\u00f6vid\u00edti a diagn\u00f3zist. A p\u00e1ciens le\u00fcl, semmi kellemetlens\u00e9get, f\u00e1jdalmat nem \u00e9rez. A vizsg\u00e1latot v\u00e9gz\u0151 szem\u00e9ly nedves vattacsom\u00f3t \u00e9rint a test 24 pontj\u00e1hoz \u00e9s r\u00f6vid id\u0151n bel\u00fcl a sz\u00e1m\u00edt\u00f3g\u00e9p k\u00e9perny\u0151j\u00e9n megjelenik a meridi\u00e1n-vonalak rajza. A szakember ezt \u00e9rtelmezve adja meg a javaslatot a gyenge pontok er\u0151s\u00edt\u00e9s\u00e9re, a betegs\u00e9gek megel\u0151z\u00e9s\u00e9re. Sok esetben t\u00e1pl\u00e1lkoz\u00e1si tan\u00e1ccsal l\u00e1tja el az illet\u0151t, t\u00e1pl\u00e1l\u00e9k-kieg\u00e9sz\u00edt\u0151k\u00e9nt kiz\u00e1r\u00f3lag az ellen\u0151rz\u00f6tt, hagyom\u00e1nyos k\u00ednai orvosl\u00e1st k\u00f6vet\u0151 farmr\u00f3l aj\u00e1nl. Megmutatja, mely pontok nyom\u00e1s\u00e1val jav\u00edthatunk magunk is saj\u00e1t \u00e1llapotunkon. A meridi\u00e1n m\u00e9r\u00e9s pacemakerrel \u00e9l\u0151k sz\u00e1m\u00e1ra is lehets\u00e9ges, semmif\u00e9le mell\u00e9khat\u00e1sa nincs. Hossz\u00fa t\u00e1von hatalmas el\u0151nye, hogy tiszt\u00e1ban lesz az ember saj\u00e1t szervezete \u00e1llapot\u00e1val, az esetleges gyenges\u00e9gek er\u0151s\u00edt\u00e9s\u00e9re k\u00f6nnyen, otthon is alkalmazhat\u00f3 m\u00f3dszereket kaphat.<\/p>\n","protected":false},"excerpt":{"rendered":"<p>\u201eK\u00ednai hagyom\u00e1nyos orvosl\u00e1s \u2013 eg\u00e9szs\u00e9g meg\u0151rz\u00e9s\u201d Meridi\u00e1n t\u00e9rk\u00e9p \u2013 EMC elektronikus m\u00e9r\u0151k\u00e9sz\u00fcl\u00e9k A 21. sz\u00e1zad az eg\u00e9szs\u00e9g\u00fcgy v\u00e1ls\u00e1g\u00e1t hozta el a vil\u00e1gban. A nyugati orvosl\u00e1s egy-egy betegs\u00e9get, \u00edgy-egy szervet gy\u00f3gy\u00edt, mik\u00f6zben nem adja vissza az eg\u00e9szs\u00e9get. M\u00e9g kev\u00e9sb\u00e9 ad v\u00e1laszt &hellip; <a href=\"https:\/\/meridianclub.eu\/hu\/nevjegy\/\">Egy kattint\u00e1s ide a folytat\u00e1shoz&#8230;. <span class=\"meta-nav\">&rarr;<\/span><\/a><\/p>\n","protected":false},"author":1,"featured_media":0,"parent":0,"menu_order":0,"comment_status":"closed","ping_status":"closed","template":"","meta":{"footnotes":""},"class_list":["post-2","page","type-page","status-publish","hentry"],"_links":{"self":[{"href":"https:\/\/meridianclub.eu\/hu\/wp-json\/wp\/v2\/pages\/2","targetHints":{"allow":["GET"]}}],"collection":[{"href":"https:\/\/meridianclub.eu\/hu\/wp-json\/wp\/v2\/pages"}],"about":[{"href":"https:\/\/meridianclub.eu\/hu\/wp-json\/wp\/v2\/types\/page"}],"author":[{"embeddable":true,"href":"https:\/\/meridianclub.eu\/hu\/wp-json\/wp\/v2\/users\/1"}],"replies":[{"embeddable":true,"href":"https:\/\/meridianclub.eu\/hu\/wp-json\/wp\/v2\/comments?post=2"}],"version-history":[{"count":8,"href":"https:\/\/meridianclub.eu\/hu\/wp-json\/wp\/v2\/pages\/2\/revisions"}],"predecessor-version":[{"id":2172,"href":"https:\/\/meridianclub.eu\/hu\/wp-json\/wp\/v2\/pages\/2\/revisions\/2172"}],"wp:attachment":[{"href":"https:\/\/meridianclub.eu\/hu\/wp-json\/wp\/v2\/media?parent=2"}],"curies":[{"name":"wp","href":"https:\/\/api.w.org\/{rel}","templated":true}]}}