{"id":1757,"date":"2015-05-02T22:16:16","date_gmt":"2015-05-02T20:16:16","guid":{"rendered":"http:\/\/meridianclub.eu\/hu\/?page_id=1757"},"modified":"2023-10-25T23:42:29","modified_gmt":"2023-10-25T21:42:29","slug":"emc-program-telepitese-windows-ra","status":"publish","type":"page","link":"https:\/\/meridianclub.eu\/hu\/letoltesek\/emc-program-telepitese-windows-ra\/","title":{"rendered":"EMC program telep\u00edt\u00e9se Windows-ra"},"content":{"rendered":"<p style=\"text-align: justify;\"><strong>\u00a01. El\u0151felt\u00e9telek<\/strong><\/p>\n<p style=\"text-align: justify;\">\u00a0 Adobe Flash Player: Az Adobe megsz\u00fcntette a t\u00e1mogat\u00e1st, \u00edgy a telep\u00edt\u0151 m\u00e1r nem el\u00e9rhet\u0151, \u00e9s a Windows 8.1-b\u0151l \u00e9s 10-b\u0151l is ki fog ker\u00fclni id\u0151vel. Ez\u00e9rt biztos\u00edtunk egy saj\u00e1t telep\u00edt\u0151t, ami elt\u00e1vol\u00edtja a jelenlegi v\u00e1ltozatot \u00e9s egy j\u00f3 verzi\u00f3t telep\u00edt: <a href=\"https:\/\/meridianclub.eu\/EMC\/Flash_for_EMC.exe\">Flash<\/a>\u00a0Ha nem telep\u00edtj\u00fck az Adobe Flash Playert, akkor a program &#8222;Oszt\u00e1ly nincs regisztr\u00e1lva&#8221; hib\u00e1val le\u00e1ll!<\/p>\n<p style=\"text-align: justify;\">\u00a0 A programban a meridi\u00e1np\u00e1ly\u00e1kat bemutat\u00f3 anim\u00e1ci\u00f3k PowerPointban k\u00e9sz\u00fcltek. Ha nincs sz\u00fcks\u00e9g\u00fcnk a teljes PowerPointra, akkor haszn\u00e1lhatjuk az ingyenes PowerPoint Megjelen\u00edt\u0151t, amit a <a href=\"https:\/\/meridianclub.eu\/EMC\/PowerPointViewer.exe\">PowerPointViewer<\/a>\u00a0linkre kattintva t\u00f6lthet\u00fcnk le. Ez a l\u00e9p\u00e9s opcion\u00e1lis, a m\u00e9r\u00e9s folyamat\u00e1hoz \u00e9s az eredm\u00e9nyek megmutat\u00e1s\u00e1hoz nincs sz\u00fcks\u00e9g r\u00e1.<\/p>\n<p style=\"text-align: justify;\"><strong>\u00a02. Telep\u00edt\u00e9s<\/strong><\/p>\n<p style=\"text-align: justify;\">\u00a0 Ha ezeket az el\u0151felt\u00e9teleket ellen\u0151rizt\u00fck \u00e9s megl\u00e9t\u00fckr\u0151l gondoskodtunk, akkor elkezdhetj\u00fck az EMC program telep\u00edt\u00e9s\u00e9t. A telep\u00edt\u00e9s sor\u00e1n lehet\u0151s\u00e9g van a telep\u00edt\u00e9si mappa megv\u00e1ltoztat\u00e1s\u00e1ra. Ha nem akarunk semmin v\u00e1ltoztatni, akkor csak nyomjuk meg a Telep\u00edt\u00e9s gombot.<\/p>\n<p style=\"text-align: justify;\">\u00a0\u00a0<strong>3. Be\u00e1ll\u00edt\u00e1sok<\/strong><\/p>\n<p style=\"text-align: justify;\">\u00a0 A telep\u00edt\u00e9s v\u00e9gezt\u00e9vel m\u00e9g k\u00e9t be\u00e1ll\u00edt\u00e1st meg kell tenn\u00fcnk, k\u00fcl\u00f6nben a program hib\u00e1t fog adni.<\/p>\n<p style=\"text-align: justify;\">\u00a0 <strong>Windows 7<\/strong> eset\u00e9n kattintsunk a Start gombra (al\u00e1bbi k\u00e9pen 1-el jel\u00f6lve), majd kezdj\u00fck el g\u00e9pelni an\u00e9lk\u00fcl, hogy megmozd\u00edtan\u00e1nk az egeret, vagy b\u00e1rhov\u00e1 kattintan\u00e1nk, a &#8222;ter\u00fclet&#8221; sz\u00f3t (k\u00e9pen 2-vel jel\u00f6lve). A men\u00fcben egy p\u00e1r m\u00e1sodperc m\u00falva megjelennek a tal\u00e1latok, amik k\u00f6z\u00fcl a &#8222;Ter\u00fclet \u00e9s nyelv&#8221; tal\u00e1latra kattintsunk (3-al jel\u00f6lve).<\/p>\n<p style=\"text-align: justify;\"><a href=\"http:\/\/meridianclub.eu\/hu\/wp-content\/uploads\/2015\/05\/EMC-install-guide-Region.png\"><img loading=\"lazy\" decoding=\"async\" class=\"alignnone size-full wp-image-1752\" src=\"http:\/\/meridianclub.eu\/hu\/wp-content\/uploads\/2015\/05\/EMC-install-guide-Region.png\" alt=\"EMC install guide Region\" width=\"411\" height=\"515\" srcset=\"https:\/\/meridianclub.eu\/hu\/wp-content\/uploads\/2015\/05\/EMC-install-guide-Region.png 411w, https:\/\/meridianclub.eu\/hu\/wp-content\/uploads\/2015\/05\/EMC-install-guide-Region-239x300.png 239w\" sizes=\"auto, (max-width: 411px) 100vw, 411px\" \/><\/a><\/p>\n<p style=\"text-align: justify;\">\u00a0 <strong>Windows 10<\/strong> eset\u00e9n a k\u00f6vetkez\u0151k\u00e9ppen jutunk el a megfelel\u0151 k\u00e9perny\u0151re. A Windows gomb megnyom\u00e1sakor nem jelenik meg sz\u00f6vegmez\u0151, amibe g\u00e9pelni lehet, de csak kezdj\u00fcnk el g\u00e9pelni \u00e9s meg fog jelenni! Szint\u00e9n a &#8222;ter\u00fclet&#8221; sz\u00f3t kell beg\u00e9peln\u00fcnk \u00e9s r\u00e1kattintani a &#8222;Ter\u00fclet \u00e9s nyelvi be\u00e1ll\u00edt\u00e1sok&#8221;, vagy a 1903 \u00e9s \u00fajabb verzi\u00f3kban &#8222;Ter\u00fcleti form\u00e1tum be\u00e1ll\u00edt\u00e1sa&#8221; tal\u00e1latra.<\/p>\n<p><a href=\"http:\/\/meridianclub.eu\/hu\/wp-content\/uploads\/2018\/04\/Region_Win10_01.png\"><img loading=\"lazy\" decoding=\"async\" class=\"alignnone size-full wp-image-2372\" src=\"http:\/\/meridianclub.eu\/hu\/wp-content\/uploads\/2018\/04\/Region_Win10_01.png\" alt=\"\" width=\"393\" height=\"678\" srcset=\"https:\/\/meridianclub.eu\/hu\/wp-content\/uploads\/2018\/04\/Region_Win10_01.png 393w, https:\/\/meridianclub.eu\/hu\/wp-content\/uploads\/2018\/04\/Region_Win10_01-174x300.png 174w\" sizes=\"auto, (max-width: 393px) 100vw, 393px\" \/><\/a><\/p>\n<p><a href=\"http:\/\/meridianclub.eu\/hu\/wp-content\/uploads\/2018\/04\/Region_Win10_02.png\"><img loading=\"lazy\" decoding=\"async\" class=\"alignnone size-full wp-image-2373\" src=\"http:\/\/meridianclub.eu\/hu\/wp-content\/uploads\/2018\/04\/Region_Win10_02.png\" alt=\"\" width=\"458\" height=\"624\" srcset=\"https:\/\/meridianclub.eu\/hu\/wp-content\/uploads\/2018\/04\/Region_Win10_02.png 458w, https:\/\/meridianclub.eu\/hu\/wp-content\/uploads\/2018\/04\/Region_Win10_02-220x300.png 220w\" sizes=\"auto, (max-width: 458px) 100vw, 458px\" \/><\/a><\/p>\n<p><a href=\"http:\/\/meridianclub.eu\/hu\/wp-content\/uploads\/2018\/04\/Region_Win10_03.png\"><img loading=\"lazy\" decoding=\"async\" class=\"alignnone size-full wp-image-2374\" src=\"http:\/\/meridianclub.eu\/hu\/wp-content\/uploads\/2018\/04\/Region_Win10_03.png\" alt=\"\" width=\"508\" height=\"171\" srcset=\"https:\/\/meridianclub.eu\/hu\/wp-content\/uploads\/2018\/04\/Region_Win10_03.png 508w, https:\/\/meridianclub.eu\/hu\/wp-content\/uploads\/2018\/04\/Region_Win10_03-300x101.png 300w\" sizes=\"auto, (max-width: 508px) 100vw, 508px\" \/><\/a><\/p>\n<p style=\"text-align: justify;\">\u00a0 Erre megjelenik egy \u00faj ablak, amiben a &#8222;R\u00f6vid d\u00e1tum&#8221; mez\u0151ben az &#8222;\u00e9\u00e9\u00e9\u00e9-HH-nn&#8221; opci\u00f3t v\u00e1lasszuk. Windows 10 eset\u00e9n a magyar form\u00e1tumn\u00e1l nincs a sz\u00fcks\u00e9ges form\u00e1tum, \u00edgy javasolt az &#8222;angol (Egyes\u00fclt Kir\u00e1lys\u00e1g)&#8221;, vagy &#8222;n\u00e9met (N\u00e9metorsz\u00e1g)&#8221; kiv\u00e1laszt\u00e1sa a Form\u00e1tum leny\u00edl\u00f3 list\u00e1b\u00f3l.<\/p>\n<p style=\"text-align: justify;\"><a href=\"https:\/\/meridianclub.eu\/hu\/wp-content\/uploads\/2023\/10\/EMC-install-guide-Region-Main.png\"><img loading=\"lazy\" decoding=\"async\" class=\"alignnone wp-image-3105 size-full\" src=\"https:\/\/meridianclub.eu\/hu\/wp-content\/uploads\/2023\/10\/EMC-install-guide-Region-Main.png\" alt=\"\" width=\"484\" height=\"544\" srcset=\"https:\/\/meridianclub.eu\/hu\/wp-content\/uploads\/2023\/10\/EMC-install-guide-Region-Main.png 484w, https:\/\/meridianclub.eu\/hu\/wp-content\/uploads\/2023\/10\/EMC-install-guide-Region-Main-267x300.png 267w\" sizes=\"auto, (max-width: 484px) 100vw, 484px\" \/><\/a><\/p>\n<p style=\"text-align: justify;\">\u00a0 &#8222;Tov\u00e1bbi be\u00e1ll\u00edt\u00e1sok&#8230;&#8221; gombot nyomjuk meg, amire egy \u00faj ablak jelenik meg. Ezen az ablakom a &#8222;Tizedesjel&#8221; mez\u0151ben l\u00e9v\u0151 vessz\u0151t (csak n\u00e9met, vagy magyar form\u00e1tum eset\u00e9n) egy <strong><span style=\"color: #ff0000;\">pontra kell cser\u00e9lni<\/span><\/strong>. Itt el\u00e9g csak az ablak megjelen\u00e9sekor a pontot megnyomni, mivel a mez\u0151 tartalma m\u00e1r ki van jel\u00f6lve, nem kell kattintanunk sehov\u00e1.<\/p>\n<p style=\"text-align: justify;\"><a href=\"https:\/\/meridianclub.eu\/hu\/wp-content\/uploads\/2021\/02\/EMC-install-guide-Region-Additional.png\"><img loading=\"lazy\" decoding=\"async\" class=\"alignnone size-full wp-image-2887\" src=\"https:\/\/meridianclub.eu\/hu\/wp-content\/uploads\/2021\/02\/EMC-install-guide-Region-Additional.png\" alt=\"\" width=\"463\" height=\"592\" srcset=\"https:\/\/meridianclub.eu\/hu\/wp-content\/uploads\/2021\/02\/EMC-install-guide-Region-Additional.png 463w, https:\/\/meridianclub.eu\/hu\/wp-content\/uploads\/2021\/02\/EMC-install-guide-Region-Additional-235x300.png 235w\" sizes=\"auto, (max-width: 463px) 100vw, 463px\" \/><\/a><\/p>\n<p style=\"text-align: justify;\">Ezen, \u00e9s az el\u0151z\u0151 ablakon is, nyomjunk egy OK gombot. Ezzel befejezt\u00fck a telep\u00edt\u00e9st, a programot elkezdhetj\u00fck haszn\u00e1lni.<\/p>\n<p style=\"text-align: justify;\">\u00a0 Ha a r\u00e9gi telep\u00edt\u0151t haszn\u00e1ltuk, amin\u00e9l az els\u0151 k\u00e9perny\u0151n van egy &#8222;Els\u0151 telep\u00edt\u00e9skori be\u00e1ll\u00edt\u00e1sok&#8221; opci\u00f3 \u00e9s\u00a0nem vett\u00fck ki a pip\u00e1t, akkor \u00fagy n\u00e9z ki a &#8222;Ter\u00fclet \u00e9s nyelv&#8221; ablak, mintha j\u00f3l be lenne \u00e1ll\u00edtva, de a program nem m\u0171k\u00f6dik j\u00f3l, hib\u00e1t ad! Ilyen esetben a &#8222;Form\u00e1tum&#8221; mez\u0151b\u0151l ki kell v\u00e1lasztanunk egy tetsz\u0151leges orsz\u00e1got a magyar kiv\u00e9tel\u00e9vel, majd megnyomni az &#8222;Alkalmaz&#8221; gombot. Ezut\u00e1n k\u00f6vetni a fenti utas\u00edt\u00e1sokat a 3. pontt\u00f3l.<\/p>\n<p>\u00a0 Windows 10 eset\u00e9n, ha nincs semmilyen nyomtat\u00f3nk, a program &#8222;Nincs kiv\u00e1lasztva alap\u00e9rtelmezett nyomtat\u00f3&#8221; hiba\u00fczenetet ad \u00e9s a program kil\u00e9p. Ezt olyan m\u00f3don orvosolhatjuk, hogy a ter\u00fcleti be\u00e1ll\u00edt\u00e1sokhoz hasonl\u00f3an most Nyomtat\u00f3 sz\u00f6veget \u00edrunk a keres\u0151mez\u0151be \u00e9s a &#8222;Nyomtat\u00f3k \u00e9s eszk\u00f6z\u00f6k&#8221; tal\u00e1latot v\u00e1lasztjuk. A megjelen\u0151 ablakon ki kell kapcsolna azt az opci\u00f3t, hogy a Windows hat\u00e1rozza meg melyik legyen az alap\u00e9rtelmezett nyomtat\u00f3nk, ezzel kik\u00e9nyszer\u00edt\u00fcnk egy nyomtat\u00f3 v\u00e1laszt\u00e1st.<\/p>\n","protected":false},"excerpt":{"rendered":"<p>\u00a01. El\u0151felt\u00e9telek \u00a0 Adobe Flash Player: Az Adobe megsz\u00fcntette a t\u00e1mogat\u00e1st, \u00edgy a telep\u00edt\u0151 m\u00e1r nem el\u00e9rhet\u0151, \u00e9s a Windows 8.1-b\u0151l \u00e9s 10-b\u0151l is ki fog ker\u00fclni id\u0151vel. Ez\u00e9rt biztos\u00edtunk egy saj\u00e1t telep\u00edt\u0151t, ami elt\u00e1vol\u00edtja a jelenlegi v\u00e1ltozatot \u00e9s egy &hellip; <a href=\"https:\/\/meridianclub.eu\/hu\/letoltesek\/emc-program-telepitese-windows-ra\/\">Egy kattint\u00e1s ide a folytat\u00e1shoz&#8230;. <span class=\"meta-nav\">&rarr;<\/span><\/a><\/p>\n","protected":false},"author":87,"featured_media":0,"parent":36,"menu_order":0,"comment_status":"closed","ping_status":"closed","template":"onecolumn-page.php","meta":{"footnotes":""},"class_list":["post-1757","page","type-page","status-publish","hentry"],"_links":{"self":[{"href":"https:\/\/meridianclub.eu\/hu\/wp-json\/wp\/v2\/pages\/1757","targetHints":{"allow":["GET"]}}],"collection":[{"href":"https:\/\/meridianclub.eu\/hu\/wp-json\/wp\/v2\/pages"}],"about":[{"href":"https:\/\/meridianclub.eu\/hu\/wp-json\/wp\/v2\/types\/page"}],"author":[{"embeddable":true,"href":"https:\/\/meridianclub.eu\/hu\/wp-json\/wp\/v2\/users\/87"}],"replies":[{"embeddable":true,"href":"https:\/\/meridianclub.eu\/hu\/wp-json\/wp\/v2\/comments?post=1757"}],"version-history":[{"count":22,"href":"https:\/\/meridianclub.eu\/hu\/wp-json\/wp\/v2\/pages\/1757\/revisions"}],"predecessor-version":[{"id":3107,"href":"https:\/\/meridianclub.eu\/hu\/wp-json\/wp\/v2\/pages\/1757\/revisions\/3107"}],"up":[{"embeddable":true,"href":"https:\/\/meridianclub.eu\/hu\/wp-json\/wp\/v2\/pages\/36"}],"wp:attachment":[{"href":"https:\/\/meridianclub.eu\/hu\/wp-json\/wp\/v2\/media?parent=1757"}],"curies":[{"name":"wp","href":"https:\/\/api.w.org\/{rel}","templated":true}]}}