{"id":1561,"date":"2014-11-05T19:33:19","date_gmt":"2014-11-05T18:33:19","guid":{"rendered":"http:\/\/meridianclub.eu\/hu\/?page_id=1561"},"modified":"2015-01-01T22:17:10","modified_gmt":"2015-01-01T21:17:10","slug":"klubok","status":"publish","type":"page","link":"https:\/\/meridianclub.eu\/hu\/klubok\/","title":{"rendered":"Klubok"},"content":{"rendered":"<p>P\u00e9csi Merid\u00e1nClub<\/p>\n<p>Klubvezet\u0151: Szab\u00f3 Ir\u00e9n 06309756286<\/p>\n<p>&nbsp;<\/p>\n<p>Szeksz\u00e1rdi Meridi\u00e1nClub<\/p>\n<p>Klubvezet\u0151: Kozma Erzs\u00e9bet<\/p>\n<p>&nbsp;<\/p>\n<p>Soproni Meridi\u00e1nClub<\/p>\n<p>Klubvezet\u0151: Preiner Erzs\u00e9bet 06309570443<\/p>\n<p>&nbsp;<\/p>\n<p>Fony\u00f3di Meridi\u00e1nClub<\/p>\n<p>Klubvezet\u0151: M\u00e1t\u00e9 Rita<\/p>\n<p>&nbsp;<\/p>\n<p>Gy\u0151ri Meridi\u00e1nClub<\/p>\n<p>Klubvezet\u0151: Tak\u00e1csn\u00e9 Bank M\u00e1ria<\/p>\n<p>&nbsp;<\/p>\n<p>Ny\u00edregyh\u00e1zi Meridi\u00e1nClub<\/p>\n<p>Klubvezet\u0151: Varga T\u00fcnde<\/p>\n<p>&nbsp;<\/p>\n<p>P\u00e9celi Meridi\u00e1nClub<\/p>\n<p>Klubvezet\u0151: Nemzetes Gabriella<\/p>\n<p>&nbsp;<\/p>\n<p>Budapesti Meridi\u00e1nClub<\/p>\n<p>Klubvezet\u0151: Somi Kov\u00e1cs M\u00e1ria<\/p>\n<p>&nbsp;<\/p>\n<p>Gy\u00e1li Meridi\u00e1nClub<\/p>\n<p>Klubvezet\u0151: T\u00f3th Istv\u00e1n<\/p>\n<p>&nbsp;<\/p>\n","protected":false},"excerpt":{"rendered":"<p>P\u00e9csi Merid\u00e1nClub Klubvezet\u0151: Szab\u00f3 Ir\u00e9n 06309756286 &nbsp; Szeksz\u00e1rdi Meridi\u00e1nClub Klubvezet\u0151: Kozma Erzs\u00e9bet &nbsp; Soproni Meridi\u00e1nClub Klubvezet\u0151: Preiner Erzs\u00e9bet 06309570443 &nbsp; Fony\u00f3di Meridi\u00e1nClub Klubvezet\u0151: M\u00e1t\u00e9 Rita &nbsp; Gy\u0151ri Meridi\u00e1nClub Klubvezet\u0151: Tak\u00e1csn\u00e9 Bank M\u00e1ria &nbsp; Ny\u00edregyh\u00e1zi Meridi\u00e1nClub Klubvezet\u0151: Varga T\u00fcnde &nbsp; P\u00e9celi &hellip; <a href=\"https:\/\/meridianclub.eu\/hu\/klubok\/\">Egy kattint\u00e1s ide a folytat\u00e1shoz&#8230;. <span class=\"meta-nav\">&rarr;<\/span><\/a><\/p>\n","protected":false},"author":87,"featured_media":0,"parent":0,"menu_order":0,"comment_status":"closed","ping_status":"closed","template":"","meta":{"footnotes":""},"class_list":["post-1561","page","type-page","status-publish","hentry"],"_links":{"self":[{"href":"https:\/\/meridianclub.eu\/hu\/wp-json\/wp\/v2\/pages\/1561","targetHints":{"allow":["GET"]}}],"collection":[{"href":"https:\/\/meridianclub.eu\/hu\/wp-json\/wp\/v2\/pages"}],"about":[{"href":"https:\/\/meridianclub.eu\/hu\/wp-json\/wp\/v2\/types\/page"}],"author":[{"embeddable":true,"href":"https:\/\/meridianclub.eu\/hu\/wp-json\/wp\/v2\/users\/87"}],"replies":[{"embeddable":true,"href":"https:\/\/meridianclub.eu\/hu\/wp-json\/wp\/v2\/comments?post=1561"}],"version-history":[{"count":6,"href":"https:\/\/meridianclub.eu\/hu\/wp-json\/wp\/v2\/pages\/1561\/revisions"}],"predecessor-version":[{"id":1636,"href":"https:\/\/meridianclub.eu\/hu\/wp-json\/wp\/v2\/pages\/1561\/revisions\/1636"}],"wp:attachment":[{"href":"https:\/\/meridianclub.eu\/hu\/wp-json\/wp\/v2\/media?parent=1561"}],"curies":[{"name":"wp","href":"https:\/\/api.w.org\/{rel}","templated":true}]}}