{"id":1395,"date":"2014-06-22T21:35:09","date_gmt":"2014-06-22T19:35:09","guid":{"rendered":"http:\/\/meridianclub.eu\/hu\/?page_id=1395"},"modified":"2025-12-01T20:29:50","modified_gmt":"2025-12-01T19:29:50","slug":"kapcsolat","status":"publish","type":"page","link":"https:\/\/meridianclub.eu\/hu\/kapcsolat\/","title":{"rendered":"Kapcsolat"},"content":{"rendered":"<p>Eg\u00e9szs\u00e9g\u00fcgyi k\u00e9rd\u00e9sek, inform\u00e1ci\u00f3 a Meridi\u00e1nClubr\u00f3l:<\/p>\n<div id=\"yiv2693460187yqtfd02222\" class=\"yiv2693460187yqt7487797633\">\n<div id=\"yiv2693460187yui_3_16_0_ym19_1_1464038051271_17279\" dir=\"ltr\">Zhang Edit<\/div>\n<\/div>\n<div id=\"yiv2693460187yui_3_16_0_ym19_1_1464038051271_17279\" dir=\"ltr\">Speci\u00e1lis K\u00ednai Orvos<\/div>\n<div id=\"yiv2693460187yui_3_16_0_ym19_1_1464038051271_17279\" dir=\"ltr\">Nemzetk\u00f6zi T\u00e1pl\u00e1lkoz\u00e1s Szak\u00e9rt\u0151<\/div>\n<div id=\"yiv2693460187yui_3_16_0_ym19_1_1464038051271_17280\" dir=\"ltr\">Meridi\u00e1nClub<span id=\"yiv2693460187yui_3_16_0_ym19_1_1464038051271_17348\"><span id=\"yiv2693460187yui_3_16_0_ym19_1_1464038051271_17349\" style=\"font-size: small;\">\u00ae<\/span><\/span><\/div>\n<div id=\"yiv2693460187yui_3_16_0_ym19_1_1464038051271_17281\" dir=\"ltr\">Mobil: 0630\/9908508<\/div>\n<div dir=\"ltr\">Mail: edit.zhang (kukac) meridianclub.eu<\/div>\n<div id=\"yiv2693460187yui_3_16_0_ym19_1_1464038051271_17281\" dir=\"ltr\">web: www.meridianclub.eu<\/div>\n<div dir=\"ltr\"><\/div>\n<div dir=\"ltr\"><\/div>\n<p>Technikai k\u00e9rd\u00e9sek:<\/p>\n<p>Email: info (kukac) meridianclub.eu<\/p>\n","protected":false},"excerpt":{"rendered":"<p>Eg\u00e9szs\u00e9g\u00fcgyi k\u00e9rd\u00e9sek, inform\u00e1ci\u00f3 a Meridi\u00e1nClubr\u00f3l: Zhang Edit Speci\u00e1lis K\u00ednai Orvos Nemzetk\u00f6zi T\u00e1pl\u00e1lkoz\u00e1s Szak\u00e9rt\u0151 Meridi\u00e1nClub\u00ae Mobil: 0630\/9908508 Mail: edit.zhang (kukac) meridianclub.eu web: www.meridianclub.eu Technikai k\u00e9rd\u00e9sek: Email: info (kukac) meridianclub.eu<\/p>\n","protected":false},"author":87,"featured_media":0,"parent":0,"menu_order":0,"comment_status":"open","ping_status":"open","template":"onecolumn-page.php","meta":{"footnotes":""},"class_list":["post-1395","page","type-page","status-publish","hentry"],"_links":{"self":[{"href":"https:\/\/meridianclub.eu\/hu\/wp-json\/wp\/v2\/pages\/1395","targetHints":{"allow":["GET"]}}],"collection":[{"href":"https:\/\/meridianclub.eu\/hu\/wp-json\/wp\/v2\/pages"}],"about":[{"href":"https:\/\/meridianclub.eu\/hu\/wp-json\/wp\/v2\/types\/page"}],"author":[{"embeddable":true,"href":"https:\/\/meridianclub.eu\/hu\/wp-json\/wp\/v2\/users\/87"}],"replies":[{"embeddable":true,"href":"https:\/\/meridianclub.eu\/hu\/wp-json\/wp\/v2\/comments?post=1395"}],"version-history":[{"count":14,"href":"https:\/\/meridianclub.eu\/hu\/wp-json\/wp\/v2\/pages\/1395\/revisions"}],"predecessor-version":[{"id":3169,"href":"https:\/\/meridianclub.eu\/hu\/wp-json\/wp\/v2\/pages\/1395\/revisions\/3169"}],"wp:attachment":[{"href":"https:\/\/meridianclub.eu\/hu\/wp-json\/wp\/v2\/media?parent=1395"}],"curies":[{"name":"wp","href":"https:\/\/api.w.org\/{rel}","templated":true}]}}