{"id":133,"date":"2011-02-21T12:54:14","date_gmt":"2011-02-21T11:54:14","guid":{"rendered":"http:\/\/meridianclub.eu\/hu\/?page_id=133"},"modified":"2014-01-31T10:30:28","modified_gmt":"2014-01-31T09:30:28","slug":"kepekvideok","status":"publish","type":"page","link":"https:\/\/meridianclub.eu\/hu\/kepekvideok\/","title":{"rendered":"K\u00e9pek"},"content":{"rendered":"<p>&nbsp;<\/p>\n<p>R\u00e9gi t\u00edpus\u00fa k\u00e9sz\u00fcl\u00e9k (K\u00e9k sz\u00edn\u0171 USB csatlakoz\u00f3val)<\/p>\n<p><a href=\"http:\/\/meridianclub.eu\/hu\/wp-content\/uploads\/2011\/02\/K\u00e9p1.jpg\"><img loading=\"lazy\" decoding=\"async\" class=\"alignleft size-full wp-image-884\" title=\"K\u00e9p1\" alt=\"\" src=\"http:\/\/meridianclub.eu\/hu\/wp-content\/uploads\/2011\/02\/K\u00e9p1.jpg\" width=\"396\" height=\"307\" srcset=\"https:\/\/meridianclub.eu\/hu\/wp-content\/uploads\/2011\/02\/K\u00e9p1.jpg 396w, https:\/\/meridianclub.eu\/hu\/wp-content\/uploads\/2011\/02\/K\u00e9p1-300x232.jpg 300w\" sizes=\"auto, (max-width: 396px) 100vw, 396px\" \/><\/a><\/p>\n","protected":false},"excerpt":{"rendered":"<p>&nbsp; R\u00e9gi t\u00edpus\u00fa k\u00e9sz\u00fcl\u00e9k (K\u00e9k sz\u00edn\u0171 USB csatlakoz\u00f3val)<\/p>\n","protected":false},"author":1,"featured_media":0,"parent":0,"menu_order":0,"comment_status":"closed","ping_status":"open","template":"onecolumn-page.php","meta":{"footnotes":""},"class_list":["post-133","page","type-page","status-publish","hentry"],"_links":{"self":[{"href":"https:\/\/meridianclub.eu\/hu\/wp-json\/wp\/v2\/pages\/133","targetHints":{"allow":["GET"]}}],"collection":[{"href":"https:\/\/meridianclub.eu\/hu\/wp-json\/wp\/v2\/pages"}],"about":[{"href":"https:\/\/meridianclub.eu\/hu\/wp-json\/wp\/v2\/types\/page"}],"author":[{"embeddable":true,"href":"https:\/\/meridianclub.eu\/hu\/wp-json\/wp\/v2\/users\/1"}],"replies":[{"embeddable":true,"href":"https:\/\/meridianclub.eu\/hu\/wp-json\/wp\/v2\/comments?post=133"}],"version-history":[{"count":8,"href":"https:\/\/meridianclub.eu\/hu\/wp-json\/wp\/v2\/pages\/133\/revisions"}],"predecessor-version":[{"id":1273,"href":"https:\/\/meridianclub.eu\/hu\/wp-json\/wp\/v2\/pages\/133\/revisions\/1273"}],"wp:attachment":[{"href":"https:\/\/meridianclub.eu\/hu\/wp-json\/wp\/v2\/media?parent=133"}],"curies":[{"name":"wp","href":"https:\/\/api.w.org\/{rel}","templated":true}]}}