{"id":1224,"date":"2014-01-10T14:21:23","date_gmt":"2014-01-10T13:21:23","guid":{"rendered":"http:\/\/meridianclub.eu\/hu\/?page_id=1224"},"modified":"2025-12-01T20:19:23","modified_gmt":"2025-12-01T19:19:23","slug":"arak","status":"publish","type":"page","link":"https:\/\/meridianclub.eu\/hu\/arak\/","title":{"rendered":"\u00c1rak"},"content":{"rendered":"<p><b>EMC Meridi\u00e1n Diagnosztika\u00ae<\/b>\u00a0 \u00a0 \u00a0 \u00a0 \u00a0 \u00a0 \u00a0 \u00a0 \u00a0 \u00a0 \u00a0 \u00a0 \u00a0 \u00a0 \u00a0 \u00a0 \u00a0 \u00a0 \u00a0 \u00a0 \u00a0 \u00a0 \u00a0 \u00a0 \u00a0 \u00a0 \u00a0 \u00a0 \u00a0 \u00a0 \u00a0 \u00a0 \u00a0 20.000Ft<\/p>\n<p>Teljes k\u00f6r\u0171 elektronikus \u00e1llapotfelm\u00e9r\u00e9s tan\u00e1csad\u00e1ssal 50 perc<\/p>\n<p><b>Kontrollm\u00e9r\u00e9s<\/b>\u00a0 \u00a0 \u00a0 \u00a0 \u00a0 \u00a0 \u00a0 \u00a0 \u00a0 \u00a0 \u00a0 \u00a0 \u00a0 \u00a0 \u00a0 \u00a0 \u00a0 \u00a0 \u00a0 \u00a0 \u00a0 \u00a0 \u00a0 \u00a0 \u00a0 \u00a0 \u00a0 \u00a0 \u00a0 \u00a0 \u00a0 \u00a0 \u00a0 \u00a0 \u00a0 \u00a0 \u00a0 \u00a0 \u00a0 \u00a0 \u00a0 \u00a0 \u00a0 \u00a0 \u00a0 \u00a0 20.000Ft<\/p>\n<p><b>Meridi\u00e1n kezel\u00e9s<\/b>\u00a0 \u00a0 \u00a0 \u00a0 \u00a0 \u00a0 \u00a0 \u00a0 \u00a0 \u00a0 \u00a0 \u00a0 \u00a0 \u00a0 \u00a0 \u00a0 \u00a0 \u00a0 \u00a0 \u00a0 \u00a0 \u00a0 \u00a0 \u00a0 \u00a0 \u00a0 \u00a0 \u00a0 \u00a0 \u00a0 \u00a0 \u00a0 \u00a0 \u00a0 \u00a0 \u00a0 \u00a0 \u00a0 \u00a0 \u00a0 \u00a0 \u00a0 \u00a0 \u00a0 20.000Ft<\/p>\n<p>Teljes testet \u00e1tfog\u00f3 massz\u00e1zs 50 perc<\/p>\n","protected":false},"excerpt":{"rendered":"<p>EMC Meridi\u00e1n Diagnosztika\u00ae\u00a0 \u00a0 \u00a0 \u00a0 \u00a0 \u00a0 \u00a0 \u00a0 \u00a0 \u00a0 \u00a0 \u00a0 \u00a0 \u00a0 \u00a0 \u00a0 \u00a0 \u00a0 \u00a0 \u00a0 \u00a0 \u00a0 \u00a0 \u00a0 \u00a0 \u00a0 \u00a0 \u00a0 \u00a0 \u00a0 \u00a0 \u00a0 \u00a0 20.000Ft Teljes k\u00f6r\u0171 elektronikus \u00e1llapotfelm\u00e9r\u00e9s &hellip; <a href=\"https:\/\/meridianclub.eu\/hu\/arak\/\">Egy kattint\u00e1s ide a folytat\u00e1shoz&#8230;. <span class=\"meta-nav\">&rarr;<\/span><\/a><\/p>\n","protected":false},"author":87,"featured_media":0,"parent":0,"menu_order":0,"comment_status":"open","ping_status":"closed","template":"onecolumn-page.php","meta":{"footnotes":""},"class_list":["post-1224","page","type-page","status-publish","hentry"],"_links":{"self":[{"href":"https:\/\/meridianclub.eu\/hu\/wp-json\/wp\/v2\/pages\/1224","targetHints":{"allow":["GET"]}}],"collection":[{"href":"https:\/\/meridianclub.eu\/hu\/wp-json\/wp\/v2\/pages"}],"about":[{"href":"https:\/\/meridianclub.eu\/hu\/wp-json\/wp\/v2\/types\/page"}],"author":[{"embeddable":true,"href":"https:\/\/meridianclub.eu\/hu\/wp-json\/wp\/v2\/users\/87"}],"replies":[{"embeddable":true,"href":"https:\/\/meridianclub.eu\/hu\/wp-json\/wp\/v2\/comments?post=1224"}],"version-history":[{"count":17,"href":"https:\/\/meridianclub.eu\/hu\/wp-json\/wp\/v2\/pages\/1224\/revisions"}],"predecessor-version":[{"id":3157,"href":"https:\/\/meridianclub.eu\/hu\/wp-json\/wp\/v2\/pages\/1224\/revisions\/3157"}],"wp:attachment":[{"href":"https:\/\/meridianclub.eu\/hu\/wp-json\/wp\/v2\/media?parent=1224"}],"curies":[{"name":"wp","href":"https:\/\/api.w.org\/{rel}","templated":true}]}}