{"id":116,"date":"2011-02-20T07:25:39","date_gmt":"2011-02-20T06:25:39","guid":{"rendered":"http:\/\/meridianclub.eu\/hu\/?page_id=116"},"modified":"2013-09-11T16:54:29","modified_gmt":"2013-09-11T14:54:29","slug":"tav-diagnosztika","status":"publish","type":"page","link":"https:\/\/meridianclub.eu\/hu\/tav-diagnosztika\/","title":{"rendered":"Diagnosztika"},"content":{"rendered":"<p><a href=\"http:\/\/meridianclub.eu\/hu\/wp-content\/uploads\/2011\/02\/EMC-130203.jpg\"><img decoding=\"async\" class=\"alignleft size-thumbnail wp-image-955\" alt=\"EMC 130203\" src=\"http:\/\/meridianclub.eu\/hu\/wp-content\/uploads\/2011\/02\/EMC-130203.jpg\" \/><\/a><\/p>\n<p><strong>1. T\u00fcd\u0151 meridi\u00e1n csatorna: <\/strong>allergia, asztma, orr- garat- l\u00e9gz\u0151szerv ny\u00e1lkah\u00e1rtya gyenges\u00e9g, b\u0151r probl\u00e9ma,<\/p>\n<p><strong>\u00a0<\/strong><\/p>\n<p><strong>2.Vastagb\u00e9l meridi\u00e1n csatorna: <\/strong>sz\u00e9klet nem megfelel\u0151, folyad\u00e9k felsz\u00edv\u00f3d\u00e1s gyenge<strong>,<\/strong><\/p>\n<p>&nbsp;<\/p>\n<p><strong>3.Gyomor meridi\u00e1n csatorna<\/strong>: mellkasi szor\u00edt\u00f3 \u00e9rz\u00e9s, gyomorsavasod\u00e1s, t\u00e9rdf\u00e1jdalom jelentkezhet,<\/p>\n<p><strong>4.L\u00e9p meridi\u00e1n csatorna<\/strong>: v\u00e9rk\u00e9pz\u00e9s gyenge, immunrendszer cs\u00f6kkent,<\/p>\n<p><strong>5.Sz\u00edv meridi\u00e1n csatorna<\/strong>: \u00e9rrendszeri probl\u00e9ma, v\u00e9rnyom\u00e1s nem megfelel\u0151, stressz, sz\u00edvritmuszavar<\/p>\n<p><strong>6.V\u00e9konyb\u00e9l meridi\u00e1n csatorna: <\/strong>t\u00e1panyag felsz\u00edv\u00f3d\u00e1s gyenge,<strong><\/strong><\/p>\n<p><strong>7.H\u00fagyh\u00f3lyag meridi\u00e1n csatorna<\/strong>: der\u00e9k, csigolya, gerinc, fogazat gyeng\u00fclt, prosztata\/n\u0151gy\u00f3gy\u00e1szati probl\u00e9m\u00e1k,<\/p>\n<p><strong>8.Vese meridi\u00e1n csatorna: <\/strong>m\u00e9reganyag felhalmoz\u00f3d\u00e1s, der\u00e9kt\u00e1ji f\u00e1jdalom, hall\u00e1sn\u00e1l roml\u00e1s jelentkezhet.<\/p>\n<p><strong>9.Sz\u00edvburok meridi\u00e1n csatorna:<\/strong> \u00e9rrendszer gyeng\u00fclt, mellkasi sz\u00far\u00f3 \u00e9rz\u00e9s,<\/p>\n<p><strong>10.H\u00e1rmas meleg\u00edt\u0151 meridi\u00e1n csatorna<\/strong>: immunrendszer gyeng\u00fclt, gyullad\u00e1s a szervezetben, pajzsmirigy probl\u00e9ma,<\/p>\n<p><strong>11.Epeh\u00f3lyag meridi\u00e1n csatorna<\/strong>: fejf\u00e1j\u00e1s, sz\u00e9d\u00fcl\u00e9s, gerinc f\u00e1jdalom, prosztata\/n\u0151gy\u00f3gy\u00e1szati probl\u00e9m\u00e1k jelentkezhetnek.<\/p>\n<p><strong>12. M\u00e1j meridi\u00e1n csatorna<\/strong>: l\u00e1t\u00e1sroml\u00e1s, alv\u00e1szavar, izomg\u00f6rcs, stressz.<\/p>\n<p>&nbsp;<\/p>\n<p>&nbsp;<\/p>\n<p>&nbsp;<\/p>\n","protected":false},"excerpt":{"rendered":"<p>1. T\u00fcd\u0151 meridi\u00e1n csatorna: allergia, asztma, orr- garat- l\u00e9gz\u0151szerv ny\u00e1lkah\u00e1rtya gyenges\u00e9g, b\u0151r probl\u00e9ma, \u00a0 2.Vastagb\u00e9l meridi\u00e1n csatorna: sz\u00e9klet nem megfelel\u0151, folyad\u00e9k felsz\u00edv\u00f3d\u00e1s gyenge, &nbsp; 3.Gyomor meridi\u00e1n csatorna: mellkasi szor\u00edt\u00f3 \u00e9rz\u00e9s, gyomorsavasod\u00e1s, t\u00e9rdf\u00e1jdalom jelentkezhet, 4.L\u00e9p meridi\u00e1n csatorna: v\u00e9rk\u00e9pz\u00e9s gyenge, immunrendszer cs\u00f6kkent, &hellip; <a href=\"https:\/\/meridianclub.eu\/hu\/tav-diagnosztika\/\">Egy kattint\u00e1s ide a folytat\u00e1shoz&#8230;. <span class=\"meta-nav\">&rarr;<\/span><\/a><\/p>\n","protected":false},"author":1,"featured_media":0,"parent":0,"menu_order":0,"comment_status":"closed","ping_status":"open","template":"","meta":{"footnotes":""},"class_list":["post-116","page","type-page","status-publish","hentry"],"_links":{"self":[{"href":"https:\/\/meridianclub.eu\/hu\/wp-json\/wp\/v2\/pages\/116","targetHints":{"allow":["GET"]}}],"collection":[{"href":"https:\/\/meridianclub.eu\/hu\/wp-json\/wp\/v2\/pages"}],"about":[{"href":"https:\/\/meridianclub.eu\/hu\/wp-json\/wp\/v2\/types\/page"}],"author":[{"embeddable":true,"href":"https:\/\/meridianclub.eu\/hu\/wp-json\/wp\/v2\/users\/1"}],"replies":[{"embeddable":true,"href":"https:\/\/meridianclub.eu\/hu\/wp-json\/wp\/v2\/comments?post=116"}],"version-history":[{"count":13,"href":"https:\/\/meridianclub.eu\/hu\/wp-json\/wp\/v2\/pages\/116\/revisions"}],"predecessor-version":[{"id":1076,"href":"https:\/\/meridianclub.eu\/hu\/wp-json\/wp\/v2\/pages\/116\/revisions\/1076"}],"wp:attachment":[{"href":"https:\/\/meridianclub.eu\/hu\/wp-json\/wp\/v2\/media?parent=116"}],"curies":[{"name":"wp","href":"https:\/\/api.w.org\/{rel}","templated":true}]}}